{"id":2150,"date":"2019-01-24T18:11:30","date_gmt":"2019-01-24T18:11:30","guid":{"rendered":"http:\/\/www.unicuc.mx\/inicio\/?page_id=2150"},"modified":"2019-03-11T18:26:00","modified_gmt":"2019-03-11T18:26:00","slug":"academia-celsus","status":"publish","type":"page","link":"https:\/\/www.unicuc.mx\/inicio\/academia-celsus\/","title":{"rendered":"Academia Celsus"},"content":{"rendered":"<p>[vc_section full_width=\u00bbstretch_row\u00bb css=\u00bb.vc_custom_1548353999142{background: rgba(37,30,82,0.6) url(https:\/\/www.unicuc.mx\/inicio\/wp-content\/uploads\/2019\/01\/banner-academia-celsus.jpg?id=2152) !important;background-position: center !important;background-repeat: no-repeat !important;background-size: cover !important;*background-color: rgb(37,30,82) !important;}\u00bb el_class=\u00bbmask\u00bb][vc_row full_width=\u00bbstretch_row\u00bb css=\u00bb.vc_custom_1540433815629{padding-top: 120px !important;padding-bottom: 100px !important;}\u00bb][vc_column width=\u00bb1\/6&#8243;][\/vc_column][vc_column width=\u00bb2\/3&#8243;][vc_custom_heading text=\u00bbFortalezas Formativas CUC\u00bb font_container=\u00bbtag:div|font_size:3rem|text_align:center|color:%23ffffff\u00bb use_theme_fonts=\u00bbyes\u00bb css_animation=\u00bbfadeInUp\u00bb css=\u00bb.vc_custom_1548353910888{margin-left: 3px !important;}\u00bb el_class=\u00bbdelay-1 custom-hd\u00bb][vc_empty_space height=\u00bb20px\u00bb][vc_custom_heading text=\u00bbAcademia CELSUS\u00bb font_container=\u00bbtag:h2|font_size:6rem|text_align:center|color:%23ffffff|line_height:0.9&#8243; use_theme_fonts=\u00bbyes\u00bb css_animation=\u00bbfadeInUp\u00bb el_class=\u00bbcustom-hd delay-2&#8243;][vc_separator color=\u00bbwhite\u00bb border_width=\u00bb5&#8243; el_width=\u00bb10&#8243; css_animation=\u00bbfadeInUp\u00bb el_class=\u00bbdelay-4&#8243; css=\u00bb.vc_custom_1540433855289{margin-bottom: 50px !important;padding-top: 15px !important;}\u00bb][\/vc_column][vc_column width=\u00bb1\/6&#8243;][\/vc_column][\/vc_row][\/vc_section][vc_section full_width=\u00bbstretch_row\u00bb css_animation=\u00bbnone\u00bb el_id=\u00bboverview\u00bb][vc_row][vc_column offset=\u00bbvc_hidden-sm vc_hidden-xs\u00bb][vc_widget_sidebar sidebar_id=\u00bbsidebar-5b93349ec234c\u00bb][\/vc_column][\/vc_row][vc_row][vc_column width=\u00bb1\/6&#8243;][\/vc_column][vc_column width=\u00bb2\/3&#8243;][vc_empty_space height=\u00bb80px\u00bb][vc_custom_heading text=\u00bbAcademia CELSUS\u00bb font_container=\u00bbtag:h6|font_size:10px|text_align:center|color:%23627792&#8243; use_theme_fonts=\u00bbyes\u00bb el_class=\u00bbstyle1&#8243;][vc_empty_space height=\u00bb6px\u00bb][vc_custom_heading text=\u00bbDisciplinas CELSUS\u00bb font_container=\u00bbtag:h3|text_align:center\u00bb use_theme_fonts=\u00bbyes\u00bb][vc_empty_space height=\u00bb20px\u00bb][vc_column_text]<\/p>\n<p style=\"text-align: center;\">Enfocadas al desarrollo del ser desde la pr\u00e1ctica de la dimensi\u00f3n f\u00edsica.<\/p>\n<p>[\/vc_column_text][\/vc_column][vc_column width=\u00bb1\/6&#8243;][\/vc_column][\/vc_row][vc_row css=\u00bb.vc_custom_1548356683532{margin-top: 50px !important;margin-bottom: 30px !important;}\u00bb][vc_column width=\u00bb1\/6&#8243;][vc_empty_space height=\u00bb80px\u00bb el_class=\u00bbstyle4&#8243;][\/vc_column][vc_column width=\u00bb1\/12&#8243;][vc_empty_space height=\u00bb80px\u00bb][\/vc_column][vc_column width=\u00bb1\/6&#8243;]<div class=\"iconbox   vc_custom_1551914432690\">\n\n\t<h4 class=\"box-title\">Yoga<\/h4>\n\t<div class=\"box-detail\">\n\t\t\t\n\t<\/div>\n\t<div class=\"box-icon\"><img decoding=\"async\" src=\"https:\/\/www.unicuc.mx\/inicio\/wp-content\/uploads\/2019\/01\/academia-celsus-yoga-a.png\" alt=\"Yoga\" \/><\/div>\t\n\t\n<\/div>[vc_empty_space height=\u00bb80px\u00bb][\/vc_column][vc_column width=\u00bb1\/6&#8243;]<div class=\"iconbox   vc_custom_1551914511462\">\n\n\t<h4 class=\"box-title\">Gimnasio<\/h4>\n\t<div class=\"box-detail\">\n\t\t\t\n\t<\/div>\n\t<div class=\"box-icon\"><img decoding=\"async\" src=\"https:\/\/www.unicuc.mx\/inicio\/wp-content\/uploads\/2019\/01\/academia-celsus-gym-a.png\" alt=\"Gimnasio\" \/><\/div>\t\n\t\n<\/div>[vc_empty_space height=\u00bb80px\u00bb][\/vc_column][vc_column width=\u00bb1\/6&#8243;]<div class=\"iconbox   vc_custom_1551903941193\">\n\n\t<h4 class=\"box-title\">Artes Marciales<\/h4>\n\t<div class=\"box-detail\">\n\t\t\t\n\t<\/div>\n\t<div class=\"box-icon\"><img decoding=\"async\" src=\"https:\/\/www.unicuc.mx\/inicio\/wp-content\/uploads\/2019\/02\/academia-celsus-artes-marciales-a.png\" alt=\"Artes Marciales\" \/><\/div>\t\n\t\n<\/div>[vc_empty_space height=\u00bb80px\u00bb][\/vc_column][\/vc_row][vc_row css=\u00bb.vc_custom_1548356683532{margin-top: 50px !important;margin-bottom: 30px !important;}\u00bb][vc_column width=\u00bb1\/6&#8243; offset=\u00bbvc_col-xs-1&#8243;][vc_empty_space height=\u00bb80px\u00bb el_class=\u00bbstyle4&#8243;][\/vc_column][vc_column width=\u00bb1\/6&#8243;]<div class=\"iconbox   vc_custom_1551914413139\">\n\n\t<h5 class=\"box-title\">Teatro<\/h5>\n\t<div class=\"box-detail\">\n\t\t\t\n\t<\/div>\n\t<div class=\"box-icon\"><img decoding=\"async\" src=\"https:\/\/www.unicuc.mx\/inicio\/wp-content\/uploads\/2019\/01\/academia-celsus-teatro-a.png\" alt=\"Teatro\" \/><\/div>\t\n\t\n<\/div>[vc_empty_space height=\u00bb80px\u00bb][\/vc_column][vc_column width=\u00bb1\/6&#8243;]<div class=\"iconbox   vc_custom_1551913570749\">\n\n\t<h5 class=\"box-title\">M\u00fasica y Canto<\/h5>\n\t<div class=\"box-detail\">\n\t\t\t\n\t<\/div>\n\t<div class=\"box-icon\"><img decoding=\"async\" src=\"https:\/\/www.unicuc.mx\/inicio\/wp-content\/uploads\/2019\/01\/academia-celsus-musica-a.png\" alt=\"M\u00fasica y Canto\" \/><\/div>\t\n\t\n<\/div>[vc_empty_space height=\u00bb80px\u00bb][\/vc_column][vc_column width=\u00bb1\/6&#8243;]<div class=\"iconbox   vc_custom_1548357437935\">\n\n\t<h4 class=\"box-title\">Senderismo<\/h4>\n\t<div class=\"box-detail\">\n\t\t\t\n\t<\/div>\n\t<div class=\"box-icon\"><img decoding=\"async\" src=\"https:\/\/www.unicuc.mx\/inicio\/wp-content\/uploads\/2019\/01\/academia-celsus-senderismo-a.png\" alt=\"Senderismo\" \/><\/div>\t\n\t\n<\/div>[vc_empty_space height=\u00bb80px\u00bb][\/vc_column][vc_column width=\u00bb1\/6&#8243;]<div class=\"iconbox   vc_custom_1548357448709\">\n\n\t<h5 class=\"box-title\">Servicio comunitario<\/h5>\n\t<div class=\"box-detail\">\n\t\t\t\n\t<\/div>\n\t<div class=\"box-icon\"><img decoding=\"async\" src=\"https:\/\/www.unicuc.mx\/inicio\/wp-content\/uploads\/2019\/01\/academia-celsus-serviciocomunitario-a.png\" alt=\"Servicio comunitario\" \/><\/div>\t\n\t\n<\/div>[vc_empty_space height=\u00bb80px\u00bb][\/vc_column][\/vc_row][\/vc_section][vc_section full_width=\u00bbstretch_row\u00bb css_animation=\u00bbnone\u00bb el_id=\u00bbbenefits\u00bb css=\u00bb.vc_custom_1536547449996{padding-top: 80px !important;padding-bottom: 80px !important;background-color: #231834 !important;}\u00bb][vc_row full_width=\u00bbstretch_row\u00bb el_class=\u00bbgradient2&#8243;][vc_column width=\u00bb1\/6&#8243;][\/vc_column][vc_column width=\u00bb2\/3&#8243;][vc_empty_space height=\u00bb50px\u00bb][vc_custom_heading text=\u00bbAcademia CELSUS\u00bb font_container=\u00bbtag:h6|font_size:10px|text_align:center|color:%23d9b160&#8243; use_theme_fonts=\u00bbyes\u00bb el_class=\u00bbstyle1&#8243;][vc_empty_space height=\u00bb6px\u00bb][vc_custom_heading text=\u00bbDestrezas CELSUS\u00bb font_container=\u00bbtag:h3|text_align:center|color:%23ffffff\u00bb use_theme_fonts=\u00bbyes\u00bb][vc_empty_space height=\u00bb20px\u00bb][vc_column_text]<\/p>\n<p style=\"text-align: center;\">Secuencia de certificaciones laborales, enfocadas al desarrollo del quehacer empresarial, para el TENER, desde la pr\u00e1ctica de la dimensi\u00f3n intelectual &#8211; mental. Con estas destrezas, el estudiante del CUC, al finalizar su preparaci\u00f3n profesional y formativa tendr\u00e1 una actitud muy clara y propositiva hacia el quehacer empresarial<\/p>\n<p>[\/vc_column_text][vc_empty_space height=\u00bb60px\u00bb][\/vc_column][vc_column width=\u00bb1\/6&#8243;][\/vc_column][\/vc_row][vc_row css_animation=\u00bbnone\u00bb][vc_column]<ul class=\"iconlist iconlist iconlist-icon-medium \"><li><div class=\"aligncenter shadow wpb_animate_when_almost_visible fadeIn delay-1  vc_custom_1551898690591\"><div class=\"iconlist-item-icon\"><img decoding=\"async\" src=\"https:\/\/www.unicuc.mx\/inicio\/wp-content\/uploads\/2019\/01\/destrezas-celsus-1.png\" alt=\"destrezas-celsus-1\" \/><\/div><div class=\"iconlist-item-content\"><h4 style=\"color: #9b9aad\">Comercializaci\u00f3n y ventas<\/h4><p><\/div><\/div><\/li><li><div class=\"aligncenter shadow wpb_animate_when_almost_visible fadeIn delay-2  vc_custom_1551898703048\"><div class=\"iconlist-item-icon\"><img decoding=\"async\" src=\"https:\/\/www.unicuc.mx\/inicio\/wp-content\/uploads\/2019\/01\/destrezas-celsus02-2.png\" alt=\"destrezas-celsus02-2\" \/><\/div><div class=\"iconlist-item-content\"><h4 style=\"color: #9b9aad\">Cuidado financiero<\/h4><p><\/div><\/div><\/li><li><div class=\"aligncenter shadow wpb_animate_when_almost_visible fadeIn delay-3  vc_custom_1551898714498\"><div class=\"iconlist-item-icon\"><img decoding=\"async\" src=\"https:\/\/www.unicuc.mx\/inicio\/wp-content\/uploads\/2019\/01\/destrezas-celsus03-1.png\" alt=\"destrezas-celsus03-1\" \/><\/div><div class=\"iconlist-item-content\"><h4 style=\"color: #9b9aad\">Desarrollo organizacional<\/h4><p><\/div><\/div><\/li><\/ul>[vc_empty_space height=\u00bb10px\u00bb][\/vc_column][\/vc_row][\/vc_section][vc_section full_width=\u00bbstretch_row\u00bb el_id=\u00bbdelivery\u00bb css=\u00bb.vc_custom_1548360100352{padding-top: 80px !important;padding-bottom: 30px !important;}\u00bb][vc_row][vc_column][vc_custom_heading text=\u00bbAcademia CELSUS\u00bb font_container=\u00bbtag:h6|font_size:10px|text_align:center|color:%23d9b160&#8243; use_theme_fonts=\u00bbyes\u00bb el_class=\u00bbstyle1&#8243;][vc_empty_space height=\u00bb6px\u00bb][vc_custom_heading text=\u00bbMaterias empreCELSUS\u00bb font_container=\u00bbtag:h3|text_align:center\u00bb use_theme_fonts=\u00bbyes\u00bb][vc_empty_space height=\u00bb60px\u00bb][\/vc_column][\/vc_row][vc_row][vc_column][vc_column_text]<\/p>\n<p style=\"text-align: center;\">Articulaci\u00f3n de un programa educativo interno, enfocado al desarrollo del HACER en el SER, desde el desarrollo de la conciencia.<br \/>\nCon las materias empreCELSUS, el estudiante ser\u00e1 capaz de:[\/vc_column_text][vc_empty_space height=\u00bb30px\u00bb]<ul class=\"iconlist iconlist iconlist-icon-small columns-2 gap-50\"><li><div class=\"wpb_animate_when_almost_visible fadeIn delay-1\"><div class=\"iconlist-item-icon\"><img decoding=\"async\" src=\"https:\/\/www.unicuc.mx\/inicio\/wp-content\/uploads\/2019\/01\/emprecelsus-tiempo.png\" alt=\"emprecelsus-tiempo\" \/><\/div><div class=\"iconlist-item-content\"><h4>Administrar su tiempo<\/h4><p>Administrar de manera precisa y organizada el tiempo, manejando ordenada y eficazmente una agenda de actividades, se\u00f1alando objetivos a diversos plazos, comprometi\u00e9ndose con la puntualidad, la disciplina y la perseverancia.<\/div><\/div><\/li><li><div class=\"wpb_animate_when_almost_visible fadeIn delay-2\"><div class=\"iconlist-item-icon\"><img decoding=\"async\" src=\"https:\/\/www.unicuc.mx\/inicio\/wp-content\/uploads\/2019\/01\/emprecelsus-solucion.png\" alt=\"emprecelsus-solucion\" \/><\/div><div class=\"iconlist-item-content\"><h4>Actitud creativa<\/h4><p>Mostrar una actitud creativa y emprendedora ante la soluci\u00f3n de problemas e imprevistos cuidando siempre la correcta comunicaci\u00f3n y relaci\u00f3n con los compa\u00f1eros de trabajo y los superiores.<\/div><\/div><\/li><li><div class=\"wpb_animate_when_almost_visible fadeIn delay-3\"><div class=\"iconlist-item-icon\"><img decoding=\"async\" src=\"https:\/\/www.unicuc.mx\/inicio\/wp-content\/uploads\/2019\/01\/emprecelsus-naturaleza.png\" alt=\"emprecelsus-naturaleza\" \/><\/div><div class=\"iconlist-item-content\"><h4>Cuidado de su entorno<\/h4><p>Comprometerse con el cuidado del entorno y medio ambiente, siendo un promotor de la conciencia ecol\u00f3gica para cuidar y proteger los espacios naturales, los ecosistemas con sus respectivas especies y el planeta.<\/div><\/div><\/li><li><div class=\"wpb_animate_when_almost_visible fadeIn delay-3\"><div class=\"iconlist-item-icon\"><img decoding=\"async\" src=\"https:\/\/www.unicuc.mx\/inicio\/wp-content\/uploads\/2019\/01\/emprecelsus-valores.png\" alt=\"emprecelsus-valores\" \/><\/div><div class=\"iconlist-item-content\"><h4>Valores y virtudes<\/h4><p>Conducirse con valores y virtudes como la honradez, la lealtad, la gratitud, el respeto, el compromiso y la tolerancia, conceptos fundamentales en el desarrollo de las relaciones humanas, que lo caractericen como un compa\u00f1ero respetuoso y un emp\u00e1tico ser humano y profesionista.<\/div><\/div><\/li><\/ul>[\/vc_column][\/vc_row][\/vc_section][vc_section full_width=\u00bbstretch_row\u00bb parallax=\u00bbcontent-moving\u00bb parallax_image=\u00bb2247&#8243; parallax_speed_bg=\u00bb2.5&#8243; css=\u00bb.vc_custom_1548361797381{background-position: center !important;background-repeat: no-repeat !important;background-size: cover !important;}\u00bb el_class=\u00bbmask\u00bb][vc_row][vc_column][vc_empty_space height=\u00bb400px\u00bb][\/vc_column][\/vc_row][\/vc_section]<\/p>\n","protected":false},"excerpt":{"rendered":"<p>[vc_section full_width=\u00bbstretch_row\u00bb css=\u00bb.vc_custom_1548353999142{background: rgba(37,30,82,0.6) url(https:\/\/www.unicuc.mx\/inicio\/wp-content\/uploads\/2019\/01\/banner-academia-celsus.jpg?id=2152) !important;background-position: center !important;background-repeat: no-repeat !important;background-size: cover !important;*background-color: rgb(37,30,82) !important;}\u00bb el_class=\u00bbmask\u00bb][vc_row full_width=\u00bbstretch_row\u00bb css=\u00bb.vc_custom_1540433815629{padding-top: 120px !important;padding-bottom: 100px !important;}\u00bb][vc_column width=\u00bb1\/6&#8243;][\/vc_column][vc_column width=\u00bb2\/3&#8243;][vc_custom_heading text=\u00bbFortalezas Formativas CUC\u00bb font_container=\u00bbtag:div|font_size:3rem|text_align:center|color:%23ffffff\u00bb use_theme_fonts=\u00bbyes\u00bb css_animation=\u00bbfadeInUp\u00bb css=\u00bb.vc_custom_1548353910888{margin-left: 3px !important;}\u00bb el_class=\u00bbdelay-1 custom-hd\u00bb][vc_empty_space height=\u00bb20px\u00bb][vc_custom_heading text=\u00bbAcademia CELSUS\u00bb font_container=\u00bbtag:h2|font_size:6rem|text_align:center|color:%23ffffff|line_height:0.9&#8243; use_theme_fonts=\u00bbyes\u00bb css_animation=\u00bbfadeInUp\u00bb el_class=\u00bbcustom-hd delay-2&#8243;][vc_separator color=\u00bbwhite\u00bb border_width=\u00bb5&#8243; el_width=\u00bb10&#8243; css_animation=\u00bbfadeInUp\u00bb el_class=\u00bbdelay-4&#8243; css=\u00bb.vc_custom_1540433855289{margin-bottom: 50px !important;padding-top: 15px !important;}\u00bb][\/vc_column][vc_column width=\u00bb1\/6&#8243;][\/vc_column][\/vc_row][\/vc_section][vc_section full_width=\u00bbstretch_row\u00bb css_animation=\u00bbnone\u00bb [&hellip;]<\/p>\n","protected":false},"author":2,"featured_media":0,"parent":0,"menu_order":0,"comment_status":"closed","ping_status":"closed","template":"","meta":{"_exactmetrics_skip_tracking":false,"_exactmetrics_sitenote_active":false,"_exactmetrics_sitenote_note":"","_exactmetrics_sitenote_category":0,"_uf_show_specific_survey":0,"_uf_disable_surveys":false,"footnotes":""},"class_list":["post-2150","page","type-page","status-publish","hentry"],"yoast_head":"<!-- This site is optimized with the Yoast SEO Premium plugin v26.8 (Yoast SEO v26.8) - https:\/\/yoast.com\/product\/yoast-seo-premium-wordpress\/ -->\n<title>Academia Celsus - CELSUS<\/title>\n<meta name=\"robots\" content=\"index, follow, max-snippet:-1, max-image-preview:large, max-video-preview:-1\" \/>\n<link rel=\"canonical\" href=\"https:\/\/www.unicuc.mx\/inicio\/academia-celsus\/\" \/>\n<meta property=\"og:locale\" content=\"es_ES\" \/>\n<meta property=\"og:type\" content=\"article\" \/>\n<meta property=\"og:title\" content=\"Academia Celsus\" \/>\n<meta property=\"og:description\" content=\"[vc_section full_width=\u00bbstretch_row\u00bb css=\u00bb.vc_custom_1548353999142{background: rgba(37,30,82,0.6) url(https:\/\/www.unicuc.mx\/inicio\/wp-content\/uploads\/2019\/01\/banner-academia-celsus.jpg?id=2152) !important;background-position: center !important;background-repeat: no-repeat !important;background-size: cover !important;*background-color: rgb(37,30,82) !important;}\u00bb el_class=\u00bbmask\u00bb][vc_row full_width=\u00bbstretch_row\u00bb css=\u00bb.vc_custom_1540433815629{padding-top: 120px !important;padding-bottom: 100px !important;}\u00bb][vc_column width=\u00bb1\/6&#8243;][\/vc_column][vc_column width=\u00bb2\/3&#8243;][vc_custom_heading text=\u00bbFortalezas Formativas CUC\u00bb font_container=\u00bbtag:div|font_size:3rem|text_align:center|color:%23ffffff\u00bb use_theme_fonts=\u00bbyes\u00bb css_animation=\u00bbfadeInUp\u00bb css=\u00bb.vc_custom_1548353910888{margin-left: 3px !important;}\u00bb el_class=\u00bbdelay-1 custom-hd\u00bb][vc_empty_space height=\u00bb20px\u00bb][vc_custom_heading text=\u00bbAcademia CELSUS\u00bb font_container=\u00bbtag:h2|font_size:6rem|text_align:center|color:%23ffffff|line_height:0.9&#8243; use_theme_fonts=\u00bbyes\u00bb css_animation=\u00bbfadeInUp\u00bb el_class=\u00bbcustom-hd delay-2&#8243;][vc_separator color=\u00bbwhite\u00bb border_width=\u00bb5&#8243; el_width=\u00bb10&#8243; css_animation=\u00bbfadeInUp\u00bb el_class=\u00bbdelay-4&#8243; css=\u00bb.vc_custom_1540433855289{margin-bottom: 50px !important;padding-top: 15px !important;}\u00bb][\/vc_column][vc_column width=\u00bb1\/6&#8243;][\/vc_column][\/vc_row][\/vc_section][vc_section full_width=\u00bbstretch_row\u00bb css_animation=\u00bbnone\u00bb [&hellip;]\" \/>\n<meta property=\"og:url\" content=\"https:\/\/www.unicuc.mx\/inicio\/academia-celsus\/\" \/>\n<meta property=\"og:site_name\" content=\"CELSUS\" \/>\n<meta property=\"article:publisher\" content=\"https:\/\/www.facebook.com\/unicelsus\" \/>\n<meta property=\"article:modified_time\" content=\"2019-03-11T18:26:00+00:00\" \/>\n<meta property=\"og:image\" content=\"https:\/\/www.unicuc.mx\/inicio\/wp-content\/uploads\/2019\/01\/logo-avatar.png\" \/>\n\t<meta property=\"og:image:width\" content=\"80\" \/>\n\t<meta property=\"og:image:height\" content=\"80\" \/>\n\t<meta property=\"og:image:type\" content=\"image\/png\" \/>\n<meta name=\"twitter:card\" content=\"summary_large_image\" \/>\n<meta name=\"twitter:label1\" content=\"Tiempo de lectura\" \/>\n\t<meta name=\"twitter:data1\" content=\"6 minutos\" \/>\n<script type=\"application\/ld+json\" class=\"yoast-schema-graph\">{\"@context\":\"https:\/\/schema.org\",\"@graph\":[{\"@type\":\"WebPage\",\"@id\":\"https:\/\/www.unicuc.mx\/inicio\/academia-celsus\/\",\"url\":\"https:\/\/www.unicuc.mx\/inicio\/academia-celsus\/\",\"name\":\"Academia Celsus - CELSUS\",\"isPartOf\":{\"@id\":\"https:\/\/www.unicuc.mx\/inicio\/#website\"},\"datePublished\":\"2019-01-24T18:11:30+00:00\",\"dateModified\":\"2019-03-11T18:26:00+00:00\",\"breadcrumb\":{\"@id\":\"https:\/\/www.unicuc.mx\/inicio\/academia-celsus\/#breadcrumb\"},\"inLanguage\":\"es\",\"potentialAction\":[{\"@type\":\"ReadAction\",\"target\":[\"https:\/\/www.unicuc.mx\/inicio\/academia-celsus\/\"]}]},{\"@type\":\"BreadcrumbList\",\"@id\":\"https:\/\/www.unicuc.mx\/inicio\/academia-celsus\/#breadcrumb\",\"itemListElement\":[{\"@type\":\"ListItem\",\"position\":1,\"name\":\"Portada\",\"item\":\"https:\/\/www.unicuc.mx\/inicio\/\"},{\"@type\":\"ListItem\",\"position\":2,\"name\":\"Academia Celsus\"}]},{\"@type\":\"WebSite\",\"@id\":\"https:\/\/www.unicuc.mx\/inicio\/#website\",\"url\":\"https:\/\/www.unicuc.mx\/inicio\/\",\"name\":\"unicuc.mx\",\"description\":\"Universidad Celsus\",\"publisher\":{\"@id\":\"https:\/\/www.unicuc.mx\/inicio\/#organization\"},\"alternateName\":\"Celsus\",\"potentialAction\":[{\"@type\":\"SearchAction\",\"target\":{\"@type\":\"EntryPoint\",\"urlTemplate\":\"https:\/\/www.unicuc.mx\/inicio\/?s={search_term_string}\"},\"query-input\":{\"@type\":\"PropertyValueSpecification\",\"valueRequired\":true,\"valueName\":\"search_term_string\"}}],\"inLanguage\":\"es\"},{\"@type\":\"Organization\",\"@id\":\"https:\/\/www.unicuc.mx\/inicio\/#organization\",\"name\":\"Instituto Celsus, S.C.\",\"alternateName\":\"Universidad Celsus\",\"url\":\"https:\/\/www.unicuc.mx\/inicio\/\",\"logo\":{\"@type\":\"ImageObject\",\"inLanguage\":\"es\",\"@id\":\"https:\/\/www.unicuc.mx\/inicio\/#\/schema\/logo\/image\/\",\"url\":\"https:\/\/www.unicuc.mx\/inicio\/wp-content\/uploads\/2019\/01\/logo-avatar.png\",\"contentUrl\":\"https:\/\/www.unicuc.mx\/inicio\/wp-content\/uploads\/2019\/01\/logo-avatar.png\",\"width\":80,\"height\":80,\"caption\":\"Instituto Celsus, S.C.\"},\"image\":{\"@id\":\"https:\/\/www.unicuc.mx\/inicio\/#\/schema\/logo\/image\/\"},\"sameAs\":[\"https:\/\/www.facebook.com\/unicelsus\",\"https:\/\/mastodon.social\/start\",\"https:\/\/www.instagram.com\/unicelsus\/\",\"https:\/\/www.linkedin.com\/in\/centro-universitario-celsus-4a37181b0\/\"],\"email\":\"admiciones@unicuc.mx\",\"telephone\":\"(461) 215 45 44\",\"legalName\":\"Instituto Celsus\",\"foundingDate\":\"2011-05-01\",\"numberOfEmployees\":{\"@type\":\"QuantitativeValue\",\"minValue\":\"11\",\"maxValue\":\"50\"},\"publishingPrinciples\":\"https:\/\/www.unicuc.mx\/inicio\/home-5\/\",\"actionableFeedbackPolicy\":\"https:\/\/www.unicuc.mx\/inicio\/reglamento\/\"}]}<\/script>\n<!-- \/ Yoast SEO Premium plugin. -->","yoast_head_json":{"title":"Academia Celsus - CELSUS","robots":{"index":"index","follow":"follow","max-snippet":"max-snippet:-1","max-image-preview":"max-image-preview:large","max-video-preview":"max-video-preview:-1"},"canonical":"https:\/\/www.unicuc.mx\/inicio\/academia-celsus\/","og_locale":"es_ES","og_type":"article","og_title":"Academia Celsus","og_description":"[vc_section full_width=\u00bbstretch_row\u00bb css=\u00bb.vc_custom_1548353999142{background: rgba(37,30,82,0.6) url(https:\/\/www.unicuc.mx\/inicio\/wp-content\/uploads\/2019\/01\/banner-academia-celsus.jpg?id=2152) !important;background-position: center !important;background-repeat: no-repeat !important;background-size: cover !important;*background-color: rgb(37,30,82) !important;}\u00bb el_class=\u00bbmask\u00bb][vc_row full_width=\u00bbstretch_row\u00bb css=\u00bb.vc_custom_1540433815629{padding-top: 120px !important;padding-bottom: 100px !important;}\u00bb][vc_column width=\u00bb1\/6&#8243;][\/vc_column][vc_column width=\u00bb2\/3&#8243;][vc_custom_heading text=\u00bbFortalezas Formativas CUC\u00bb font_container=\u00bbtag:div|font_size:3rem|text_align:center|color:%23ffffff\u00bb use_theme_fonts=\u00bbyes\u00bb css_animation=\u00bbfadeInUp\u00bb css=\u00bb.vc_custom_1548353910888{margin-left: 3px !important;}\u00bb el_class=\u00bbdelay-1 custom-hd\u00bb][vc_empty_space height=\u00bb20px\u00bb][vc_custom_heading text=\u00bbAcademia CELSUS\u00bb font_container=\u00bbtag:h2|font_size:6rem|text_align:center|color:%23ffffff|line_height:0.9&#8243; use_theme_fonts=\u00bbyes\u00bb css_animation=\u00bbfadeInUp\u00bb el_class=\u00bbcustom-hd delay-2&#8243;][vc_separator color=\u00bbwhite\u00bb border_width=\u00bb5&#8243; el_width=\u00bb10&#8243; css_animation=\u00bbfadeInUp\u00bb el_class=\u00bbdelay-4&#8243; css=\u00bb.vc_custom_1540433855289{margin-bottom: 50px !important;padding-top: 15px !important;}\u00bb][\/vc_column][vc_column width=\u00bb1\/6&#8243;][\/vc_column][\/vc_row][\/vc_section][vc_section full_width=\u00bbstretch_row\u00bb css_animation=\u00bbnone\u00bb [&hellip;]","og_url":"https:\/\/www.unicuc.mx\/inicio\/academia-celsus\/","og_site_name":"CELSUS","article_publisher":"https:\/\/www.facebook.com\/unicelsus","article_modified_time":"2019-03-11T18:26:00+00:00","og_image":[{"width":80,"height":80,"url":"https:\/\/www.unicuc.mx\/inicio\/wp-content\/uploads\/2019\/01\/logo-avatar.png","type":"image\/png"}],"twitter_card":"summary_large_image","twitter_misc":{"Tiempo de lectura":"6 minutos"},"schema":{"@context":"https:\/\/schema.org","@graph":[{"@type":"WebPage","@id":"https:\/\/www.unicuc.mx\/inicio\/academia-celsus\/","url":"https:\/\/www.unicuc.mx\/inicio\/academia-celsus\/","name":"Academia Celsus - CELSUS","isPartOf":{"@id":"https:\/\/www.unicuc.mx\/inicio\/#website"},"datePublished":"2019-01-24T18:11:30+00:00","dateModified":"2019-03-11T18:26:00+00:00","breadcrumb":{"@id":"https:\/\/www.unicuc.mx\/inicio\/academia-celsus\/#breadcrumb"},"inLanguage":"es","potentialAction":[{"@type":"ReadAction","target":["https:\/\/www.unicuc.mx\/inicio\/academia-celsus\/"]}]},{"@type":"BreadcrumbList","@id":"https:\/\/www.unicuc.mx\/inicio\/academia-celsus\/#breadcrumb","itemListElement":[{"@type":"ListItem","position":1,"name":"Portada","item":"https:\/\/www.unicuc.mx\/inicio\/"},{"@type":"ListItem","position":2,"name":"Academia Celsus"}]},{"@type":"WebSite","@id":"https:\/\/www.unicuc.mx\/inicio\/#website","url":"https:\/\/www.unicuc.mx\/inicio\/","name":"unicuc.mx","description":"Universidad Celsus","publisher":{"@id":"https:\/\/www.unicuc.mx\/inicio\/#organization"},"alternateName":"Celsus","potentialAction":[{"@type":"SearchAction","target":{"@type":"EntryPoint","urlTemplate":"https:\/\/www.unicuc.mx\/inicio\/?s={search_term_string}"},"query-input":{"@type":"PropertyValueSpecification","valueRequired":true,"valueName":"search_term_string"}}],"inLanguage":"es"},{"@type":"Organization","@id":"https:\/\/www.unicuc.mx\/inicio\/#organization","name":"Instituto Celsus, S.C.","alternateName":"Universidad Celsus","url":"https:\/\/www.unicuc.mx\/inicio\/","logo":{"@type":"ImageObject","inLanguage":"es","@id":"https:\/\/www.unicuc.mx\/inicio\/#\/schema\/logo\/image\/","url":"https:\/\/www.unicuc.mx\/inicio\/wp-content\/uploads\/2019\/01\/logo-avatar.png","contentUrl":"https:\/\/www.unicuc.mx\/inicio\/wp-content\/uploads\/2019\/01\/logo-avatar.png","width":80,"height":80,"caption":"Instituto Celsus, S.C."},"image":{"@id":"https:\/\/www.unicuc.mx\/inicio\/#\/schema\/logo\/image\/"},"sameAs":["https:\/\/www.facebook.com\/unicelsus","https:\/\/mastodon.social\/start","https:\/\/www.instagram.com\/unicelsus\/","https:\/\/www.linkedin.com\/in\/centro-universitario-celsus-4a37181b0\/"],"email":"admiciones@unicuc.mx","telephone":"(461) 215 45 44","legalName":"Instituto Celsus","foundingDate":"2011-05-01","numberOfEmployees":{"@type":"QuantitativeValue","minValue":"11","maxValue":"50"},"publishingPrinciples":"https:\/\/www.unicuc.mx\/inicio\/home-5\/","actionableFeedbackPolicy":"https:\/\/www.unicuc.mx\/inicio\/reglamento\/"}]}},"_links":{"self":[{"href":"https:\/\/www.unicuc.mx\/inicio\/wp-json\/wp\/v2\/pages\/2150","targetHints":{"allow":["GET"]}}],"collection":[{"href":"https:\/\/www.unicuc.mx\/inicio\/wp-json\/wp\/v2\/pages"}],"about":[{"href":"https:\/\/www.unicuc.mx\/inicio\/wp-json\/wp\/v2\/types\/page"}],"author":[{"embeddable":true,"href":"https:\/\/www.unicuc.mx\/inicio\/wp-json\/wp\/v2\/users\/2"}],"replies":[{"embeddable":true,"href":"https:\/\/www.unicuc.mx\/inicio\/wp-json\/wp\/v2\/comments?post=2150"}],"version-history":[{"count":118,"href":"https:\/\/www.unicuc.mx\/inicio\/wp-json\/wp\/v2\/pages\/2150\/revisions"}],"predecessor-version":[{"id":2153,"href":"https:\/\/www.unicuc.mx\/inicio\/wp-json\/wp\/v2\/pages\/2150\/revisions\/2153"}],"wp:attachment":[{"href":"https:\/\/www.unicuc.mx\/inicio\/wp-json\/wp\/v2\/media?parent=2150"}],"curies":[{"name":"wp","href":"https:\/\/api.w.org\/{rel}","templated":true}]}}