{"id":2316,"date":"2019-01-25T10:51:34","date_gmt":"2019-01-25T10:51:34","guid":{"rendered":"http:\/\/www.unicuc.mx\/inicio\/?page_id=2316"},"modified":"2024-11-09T21:21:36","modified_gmt":"2024-11-09T21:21:36","slug":"universidad","status":"publish","type":"page","link":"https:\/\/www.unicuc.mx\/inicio\/universidad\/","title":{"rendered":"Con\u00f3cenos"},"content":{"rendered":"<p>[vc_row full_width=\u00bbstretch_row\u00bb css=\u00bb.vc_custom_1548695969831{padding-top: 80px !important;padding-bottom: 80px !important;background-image: url(https:\/\/www.unicuc.mx\/inicio\/wp-content\/uploads\/2019\/01\/banner-filosofia-celsus.jpg?id=2642) !important;background-position: center !important;background-repeat: no-repeat !important;background-size: cover !important;}\u00bb][vc_column width=\u00bb1\/4&#8243;][\/vc_column][vc_column width=\u00bb1\/2&#8243;][vc_custom_heading text=\u00bb\u00bfQui\u00e9nes Somos?\u00bb font_container=\u00bbtag:h2|font_size:2.875rem|text_align:center|color:%23ffffff\u00bb use_theme_fonts=\u00bbyes\u00bb][vc_empty_space height=\u00bb10px\u00bb][vc_custom_heading text=\u00bb\u00bb font_container=\u00bbtag:div|text_align:center|color:%23ffffff\u00bb use_theme_fonts=\u00bbyes\u00bb][\/vc_column][vc_column width=\u00bb1\/4&#8243;][\/vc_column][\/vc_row][vc_row css=\u00bb.vc_custom_1548696055096{padding-top: 80px !important;}\u00bb][vc_column width=\u00bb1\/6&#8243;][\/vc_column][vc_column width=\u00bb2\/3&#8243;][vc_custom_heading text=\u00bbFundamento filos\u00f3fico del\u00bb font_container=\u00bbtag:h2|text_align:center\u00bb use_theme_fonts=\u00bbyes\u00bb][vc_custom_heading text=\u00bbCentro Universitario Celsus\u00bb font_container=\u00bbtag:h2|text_align:center\u00bb use_theme_fonts=\u00bbyes\u00bb][vc_empty_space height=\u00bb20px\u00bb][vc_column_text]<\/p>\n<div class=\"page\" title=\"Page 31\">\n<div class=\"layoutArea\">\n<div class=\"column\">\n<p style=\"text-align: center;\">El fundamento filos\u00f3fico de la Comunidad Universitaria Celsus, se encuentra sustentado en su modelo educativo de vanguardia, partiendo de tres principales propuestas psicoeducativas, que convergen en la formaci\u00f3n del SER empreCELSUS, persona reflexiva, creativa, cr\u00edtica, y consciente, comprometida consigo misma y con su entorno. Dichos aportes son:<\/p>\n<\/div>\n<\/div>\n<\/div>\n<p>[\/vc_column_text][vc_empty_space height=\u00bb60px\u00bb][\/vc_column][vc_column width=\u00bb1\/6&#8243;][\/vc_column][\/vc_row][vc_row full_width=\u00bbstretch_row\u00bb el_class=\u00bbgradient2 fix-overflow\u00bb css=\u00bb.vc_custom_1533890197231{padding-bottom: 50px !important;}\u00bb][vc_column css_animation=\u00bbfadeIn\u00bb width=\u00bb1\/3&#8243; el_class=\u00bbdelay-1&#8243;]<div class=\"iconbox style2 \">\n\n\t<h4 class=\"box-title\">Humanista<\/h4>\n\t<div class=\"box-detail\">\n\t\t\t\n\t<\/div>\n\t<div class=\"box-icon\"><img decoding=\"async\" src=\"https:\/\/www.unicuc.mx\/inicio\/wp-content\/uploads\/2019\/01\/filosofia-01.png\" alt=\"Humanista\" \/><\/div>\t\n\t\n<\/div>[vc_empty_space height=\u00bb90px\u00bb][\/vc_column][vc_column css_animation=\u00bbfadeIn\u00bb width=\u00bb1\/3&#8243; el_class=\u00bbdelay-2&#8243;]<div class=\"iconbox style2 \">\n\n\t<h4 class=\"box-title\">Progresista<\/h4>\n\t<div class=\"box-detail\">\n\t\t\t\n\t<\/div>\n\t<div class=\"box-icon\"><img decoding=\"async\" src=\"https:\/\/www.unicuc.mx\/inicio\/wp-content\/uploads\/2019\/01\/filosofia-02.png\" alt=\"Progresista\" \/><\/div>\t\n\t\n<\/div>[vc_empty_space height=\u00bb30px\u00bb][\/vc_column][vc_column css_animation=\u00bbfadeIn\u00bb width=\u00bb1\/3&#8243; el_class=\u00bbdelay-3&#8243;]<div class=\"iconbox style2 \">\n\n\t<h4 class=\"box-title\">Evolutivo<\/h4>\n\t<div class=\"box-detail\">\n\t\t\t\n\t<\/div>\n\t<div class=\"box-icon\"><img decoding=\"async\" src=\"https:\/\/www.unicuc.mx\/inicio\/wp-content\/uploads\/2019\/01\/filosofia-03.png\" alt=\"Evolutivo\" \/><\/div>\t\n\t\n<\/div>[vc_empty_space height=\u00bb30px\u00bb][\/vc_column][\/vc_row][vc_row css=\u00bb.vc_custom_1536635902854{margin-bottom: 60px !important;padding-top: 60px !important;}\u00bb][vc_column css_animation=\u00bbfadeInLeft\u00bb width=\u00bb1\/2&#8243; offset=\u00bbvc_col-xs-6&#8243;][vc_single_image image=\u00bb2549&#8243; img_size=\u00bb1000&#215;852&#8243; style=\u00bbvc_box_rounded\u00bb css_animation=\u00bbnone\u00bb][\/vc_column][vc_column css_animation=\u00bbfadeInRight\u00bb width=\u00bb1\/2&#8243; offset=\u00bbvc_col-xs-6&#8243;][vc_single_image image=\u00bb2239&#8243; img_size=\u00bb1000&#215;400&#8243; style=\u00bbvc_box_rounded\u00bb css_animation=\u00bbnone\u00bb][vc_empty_space height=\u00bb30px\u00bb][vc_single_image image=\u00bb2495&#8243; img_size=\u00bb1000&#215;400&#8243; style=\u00bbvc_box_rounded\u00bb css_animation=\u00bbnone\u00bb][\/vc_column][\/vc_row][vc_section full_width=\u00bbstretch_row\u00bb css=\u00bb.vc_custom_1540520625203{padding-top: 80px !important;padding-bottom: 80px !important;background-color: #181223 !important;}\u00bb][vc_row][vc_column width=\u00bb1\/4&#8243;][\/vc_column][vc_column width=\u00bb1\/2&#8243;][vc_custom_heading text=\u00bb\u00bb font_container=\u00bbtag:h2|font_size:10px|text_align:center|color:%23d9b160&#8243; use_theme_fonts=\u00bbyes\u00bb el_class=\u00bbstyle1&#8243;][vc_empty_space height=\u00bb10px\u00bb][vc_custom_heading text=\u00bbSiendo Comunidad Universitaria Celsus nos dirigimos hacia el afianzamiento y logro de:\u00bb font_container=\u00bbtag:h5|font_size:26px|text_align:center|color:%23ffffff\u00bb use_theme_fonts=\u00bbyes\u00bb][vc_empty_space height=\u00bb70px\u00bb][\/vc_column][vc_column width=\u00bb1\/4&#8243;][\/vc_column][\/vc_row][vc_row][vc_column width=\u00bb1\/6&#8243;][\/vc_column][vc_column width=\u00bb1\/6&#8243;]<div class=\"iconbox style4  vc_custom_1548697868959\">\n\n\t<h6 class=\"box-title\">Convenios educativos y empresariales.<\/h6>\n\t<div class=\"box-detail\">\n\t\t\t\n\t<\/div>\n\t<div class=\"box-icon\"><img decoding=\"async\" src=\"https:\/\/www.unicuc.mx\/inicio\/wp-content\/uploads\/2019\/01\/conocenos-01.png\" alt=\"Convenios educativos y empresariales.\" \/><\/div>\t\n\t\n<\/div>[vc_empty_space height=\u00bb30px\u00bb][\/vc_column][vc_column width=\u00bb1\/6&#8243;]<div class=\"iconbox style4  vc_custom_1548697901088\">\n\n\t<h6 class=\"box-title\">Entornos virtuales de aprendizaje.<\/h6>\n\t<div class=\"box-detail\">\n\t\t\t\n\t<\/div>\n\t<div class=\"box-icon\"><img decoding=\"async\" src=\"https:\/\/www.unicuc.mx\/inicio\/wp-content\/uploads\/2019\/01\/conocenos-02.png\" alt=\"Entornos virtuales de aprendizaje.\" \/><\/div>\t\n\t\n<\/div>[vc_empty_space height=\u00bb30px\u00bb][\/vc_column][vc_column width=\u00bb1\/6&#8243;]<div class=\"iconbox style4 \">\n\n\t<h6 class=\"box-title\">Producci\u00f3n empresarial, cient\u00edfica y art\u00edstica.<\/h6>\n\t<div class=\"box-detail\">\n\t\t\t\n\t<\/div>\n\t<div class=\"box-icon\"><img decoding=\"async\" src=\"https:\/\/www.unicuc.mx\/inicio\/wp-content\/uploads\/2019\/01\/conocenos-04.png\" alt=\"Producci\u00f3n empresarial, cient\u00edfica y art\u00edstica.\" \/><\/div>\t\n\t\n<\/div>[vc_empty_space height=\u00bb30px\u00bb][\/vc_column][vc_column width=\u00bb1\/6&#8243;]<div class=\"iconbox style4 \">\n\n\t<h6 class=\"box-title\">Programa de beneficios UniCUC.<\/h6>\n\t<div class=\"box-detail\">\n\t\t\t\n\t<\/div>\n\t<div class=\"box-icon\"><img decoding=\"async\" src=\"https:\/\/www.unicuc.mx\/inicio\/wp-content\/uploads\/2019\/01\/conocenos-07.png\" alt=\"Programa de beneficios UniCUC.\" \/><\/div>\t\n\t\n<\/div>[vc_empty_space height=\u00bb30px\u00bb][\/vc_column][\/vc_row][vc_row][vc_column width=\u00bb1\/5&#8243;][\/vc_column][vc_column width=\u00bb1\/5&#8243;][\/vc_column][vc_column width=\u00bb1\/5&#8243;][\/vc_column][\/vc_row][\/vc_section][vc_row css=\u00bb.vc_custom_1551917028311{padding-top: 80px !important;padding-bottom: 80px !important;}\u00bb][vc_column width=\u00bb1\/2&#8243;][vc_single_image image=\u00bb3226&#8243; img_size=\u00bb1000&#215;800&#8243; style=\u00bbvc_box_rounded\u00bb][\/vc_column][vc_column width=\u00bb1\/2&#8243;][vc_custom_heading text=\u00bbNuestro Origen\u00bb use_theme_fonts=\u00bbyes\u00bb][vc_empty_space height=\u00bb30px\u00bb][vc_column_text]<\/p>\n<div class=\"page\" title=\"Page 32\">\n<div class=\"layoutArea\">\n<div class=\"column\">\n<p>En mayo del 2011, nace el \u201cInstituto Celsus S.C.\u201d, con el prop\u00f3sito de desarrollar el esp\u00edritu emprendedor y la cultura empresarial en la regi\u00f3n. Orgullosamente mexicano, este instituto llev\u00f3 a cabo una labor educativa muy exitosa en el medio empresarial, de tal manera que en enero del 2017 se convirti\u00f3 en Universidad, para participar de forma signicativa en mejorar, a trav\u00e9s de la empresa, la calidad de vida en nuestra comunidad, en Guanajuato y estados circunvecinos.<br \/>\nDesde su fundaci\u00f3n, tuvimos la convicci\u00f3n, que es el ser humano quien lleva a cabo los avances, los logros y los aciertos en las organizaciones y por lo tanto es el responsable de un desarrollo social exitoso.<\/p>\n<\/div>\n<\/div>\n<\/div>\n<p>[\/vc_column_text][\/vc_column][\/vc_row][vc_row full_width=\u00bbstretch_row\u00bb css=\u00bb.vc_custom_1551916930383{padding-top: 80px !important;padding-bottom: 80px !important;background-color: #181223 !important;}\u00bb][vc_column width=\u00bb1\/2&#8243;][vc_custom_heading text=\u00bbNuestra Esencia\u00bb font_container=\u00bbtag:h2|text_align:left|color:%23ffffff\u00bb use_theme_fonts=\u00bbyes\u00bb][vc_empty_space height=\u00bb30px\u00bb][vc_column_text]<\/p>\n<div class=\"page\" title=\"Page 32\">\n<div class=\"layoutArea\">\n<div class=\"column\">\n<p><span style=\"color: #ffffff;\">Somos un centro educativo universitario responsable y solidario, orgullosamente mexicano, formador de profesionistas enfocados al quehacer empresarial de excelencia con un profundo compromiso social.<\/span><\/p>\n<p><span style=\"color: #ffffff;\">Nuestros estudiantes pertenecen a la entusiasta clase media, identificados con la cultura de la resiliencia y el esfuerzo quienes reciben una formaci\u00f3n integral basada en la autoestima, la honestidad, el respeto y la disciplina con un particular \u00e9nfasis en el desarrollo en la conciencia, el amor a la naturaleza y a la alegr\u00eda de vivir.<\/span><\/p>\n<p><span style=\"color: #ffffff;\">Con una visi\u00f3n humanista, evolutiva, creativa y progresista nos proponemos generar en cada uno de nuestros estudiantes un aut\u00e9ntico deseo de \u201ccomerse el mundo\u201d y ser un triunfador a toda prueba.<\/span><\/p>\n<\/div>\n<\/div>\n<\/div>\n<p>[\/vc_column_text][\/vc_column][vc_column width=\u00bb1\/2&#8243;][vc_single_image image=\u00bb2661&#8243; img_size=\u00bb1000&#215;800&#8243; style=\u00bbvc_box_rounded\u00bb][\/vc_column][\/vc_row]<\/p>\n","protected":false},"excerpt":{"rendered":"<p>[vc_row full_width=\u00bbstretch_row\u00bb css=\u00bb.vc_custom_1548695969831{padding-top: 80px !important;padding-bottom: 80px !important;background-image: url(https:\/\/www.unicuc.mx\/inicio\/wp-content\/uploads\/2019\/01\/banner-filosofia-celsus.jpg?id=2642) !important;background-position: center !important;background-repeat: no-repeat !important;background-size: cover !important;}\u00bb][vc_column width=\u00bb1\/4&#8243;][\/vc_column][vc_column width=\u00bb1\/2&#8243;][vc_custom_heading text=\u00bb\u00bfQui\u00e9nes Somos?\u00bb font_container=\u00bbtag:h2|font_size:2.875rem|text_align:center|color:%23ffffff\u00bb use_theme_fonts=\u00bbyes\u00bb][vc_empty_space height=\u00bb10px\u00bb][vc_custom_heading text=\u00bb\u00bb font_container=\u00bbtag:div|text_align:center|color:%23ffffff\u00bb use_theme_fonts=\u00bbyes\u00bb][\/vc_column][vc_column width=\u00bb1\/4&#8243;][\/vc_column][\/vc_row][vc_row css=\u00bb.vc_custom_1548696055096{padding-top: 80px !important;}\u00bb][vc_column width=\u00bb1\/6&#8243;][\/vc_column][vc_column width=\u00bb2\/3&#8243;][vc_custom_heading text=\u00bbFundamento filos\u00f3fico del\u00bb font_container=\u00bbtag:h2|text_align:center\u00bb use_theme_fonts=\u00bbyes\u00bb][vc_custom_heading text=\u00bbCentro Universitario Celsus\u00bb font_container=\u00bbtag:h2|text_align:center\u00bb use_theme_fonts=\u00bbyes\u00bb][vc_empty_space height=\u00bb20px\u00bb][vc_column_text] El fundamento filos\u00f3fico de la Comunidad Universitaria Celsus, se encuentra sustentado en su [&hellip;]<\/p>\n","protected":false},"author":2,"featured_media":0,"parent":0,"menu_order":0,"comment_status":"closed","ping_status":"closed","template":"","meta":{"_exactmetrics_skip_tracking":false,"_exactmetrics_sitenote_active":false,"_exactmetrics_sitenote_note":"","_exactmetrics_sitenote_category":0,"_uf_show_specific_survey":0,"_uf_disable_surveys":false,"footnotes":""},"class_list":["post-2316","page","type-page","status-publish","hentry"],"yoast_head":"<!-- This site is optimized with the Yoast SEO Premium plugin v26.8 (Yoast SEO v26.8) - https:\/\/yoast.com\/product\/yoast-seo-premium-wordpress\/ -->\n<title>Con\u00f3cenos - CELSUS %<\/title>\n<meta name=\"robots\" content=\"index, follow, max-snippet:-1, max-image-preview:large, max-video-preview:-1\" \/>\n<link rel=\"canonical\" href=\"https:\/\/www.unicuc.mx\/inicio\/universidad\/\" \/>\n<meta property=\"og:locale\" content=\"es_ES\" \/>\n<meta property=\"og:type\" content=\"article\" \/>\n<meta property=\"og:title\" content=\"Con\u00f3cenos\" \/>\n<meta property=\"og:description\" content=\"[vc_row full_width=\u00bbstretch_row\u00bb css=\u00bb.vc_custom_1548695969831{padding-top: 80px !important;padding-bottom: 80px !important;background-image: url(https:\/\/www.unicuc.mx\/inicio\/wp-content\/uploads\/2019\/01\/banner-filosofia-celsus.jpg?id=2642) !important;background-position: center !important;background-repeat: no-repeat !important;background-size: cover !important;}\u00bb][vc_column width=\u00bb1\/4&#8243;][\/vc_column][vc_column width=\u00bb1\/2&#8243;][vc_custom_heading text=\u00bb\u00bfQui\u00e9nes Somos?\u00bb font_container=\u00bbtag:h2|font_size:2.875rem|text_align:center|color:%23ffffff\u00bb use_theme_fonts=\u00bbyes\u00bb][vc_empty_space height=\u00bb10px\u00bb][vc_custom_heading text=\u00bb\u00bb font_container=\u00bbtag:div|text_align:center|color:%23ffffff\u00bb use_theme_fonts=\u00bbyes\u00bb][\/vc_column][vc_column width=\u00bb1\/4&#8243;][\/vc_column][\/vc_row][vc_row css=\u00bb.vc_custom_1548696055096{padding-top: 80px !important;}\u00bb][vc_column width=\u00bb1\/6&#8243;][\/vc_column][vc_column width=\u00bb2\/3&#8243;][vc_custom_heading text=\u00bbFundamento filos\u00f3fico del\u00bb font_container=\u00bbtag:h2|text_align:center\u00bb use_theme_fonts=\u00bbyes\u00bb][vc_custom_heading text=\u00bbCentro Universitario Celsus\u00bb font_container=\u00bbtag:h2|text_align:center\u00bb use_theme_fonts=\u00bbyes\u00bb][vc_empty_space height=\u00bb20px\u00bb][vc_column_text] El fundamento filos\u00f3fico de la Comunidad Universitaria Celsus, se encuentra sustentado en su [&hellip;]\" \/>\n<meta property=\"og:url\" content=\"https:\/\/www.unicuc.mx\/inicio\/universidad\/\" \/>\n<meta property=\"og:site_name\" content=\"CELSUS\" \/>\n<meta property=\"article:publisher\" content=\"https:\/\/www.facebook.com\/unicelsus\" \/>\n<meta property=\"article:modified_time\" content=\"2024-11-09T21:21:36+00:00\" \/>\n<meta property=\"og:image\" content=\"https:\/\/www.unicuc.mx\/inicio\/wp-content\/uploads\/2019\/01\/logo-avatar.png\" \/>\n\t<meta property=\"og:image:width\" content=\"80\" \/>\n\t<meta property=\"og:image:height\" content=\"80\" \/>\n\t<meta property=\"og:image:type\" content=\"image\/png\" \/>\n<meta name=\"twitter:card\" content=\"summary_large_image\" \/>\n<meta name=\"twitter:label1\" content=\"Tiempo de lectura\" \/>\n\t<meta name=\"twitter:data1\" content=\"3 minutos\" \/>\n<script type=\"application\/ld+json\" class=\"yoast-schema-graph\">{\"@context\":\"https:\/\/schema.org\",\"@graph\":[{\"@type\":\"WebPage\",\"@id\":\"https:\/\/www.unicuc.mx\/inicio\/universidad\/\",\"url\":\"https:\/\/www.unicuc.mx\/inicio\/universidad\/\",\"name\":\"Con\u00f3cenos - CELSUS %\",\"isPartOf\":{\"@id\":\"https:\/\/www.unicuc.mx\/inicio\/#website\"},\"datePublished\":\"2019-01-25T10:51:34+00:00\",\"dateModified\":\"2024-11-09T21:21:36+00:00\",\"breadcrumb\":{\"@id\":\"https:\/\/www.unicuc.mx\/inicio\/universidad\/#breadcrumb\"},\"inLanguage\":\"es\",\"potentialAction\":[{\"@type\":\"ReadAction\",\"target\":[\"https:\/\/www.unicuc.mx\/inicio\/universidad\/\"]}]},{\"@type\":\"BreadcrumbList\",\"@id\":\"https:\/\/www.unicuc.mx\/inicio\/universidad\/#breadcrumb\",\"itemListElement\":[{\"@type\":\"ListItem\",\"position\":1,\"name\":\"Portada\",\"item\":\"https:\/\/www.unicuc.mx\/inicio\/\"},{\"@type\":\"ListItem\",\"position\":2,\"name\":\"Con\u00f3cenos\"}]},{\"@type\":\"WebSite\",\"@id\":\"https:\/\/www.unicuc.mx\/inicio\/#website\",\"url\":\"https:\/\/www.unicuc.mx\/inicio\/\",\"name\":\"unicuc.mx\",\"description\":\"Universidad Celsus\",\"publisher\":{\"@id\":\"https:\/\/www.unicuc.mx\/inicio\/#organization\"},\"alternateName\":\"Celsus\",\"potentialAction\":[{\"@type\":\"SearchAction\",\"target\":{\"@type\":\"EntryPoint\",\"urlTemplate\":\"https:\/\/www.unicuc.mx\/inicio\/?s={search_term_string}\"},\"query-input\":{\"@type\":\"PropertyValueSpecification\",\"valueRequired\":true,\"valueName\":\"search_term_string\"}}],\"inLanguage\":\"es\"},{\"@type\":\"Organization\",\"@id\":\"https:\/\/www.unicuc.mx\/inicio\/#organization\",\"name\":\"Instituto Celsus, S.C.\",\"alternateName\":\"Universidad Celsus\",\"url\":\"https:\/\/www.unicuc.mx\/inicio\/\",\"logo\":{\"@type\":\"ImageObject\",\"inLanguage\":\"es\",\"@id\":\"https:\/\/www.unicuc.mx\/inicio\/#\/schema\/logo\/image\/\",\"url\":\"https:\/\/www.unicuc.mx\/inicio\/wp-content\/uploads\/2019\/01\/logo-avatar.png\",\"contentUrl\":\"https:\/\/www.unicuc.mx\/inicio\/wp-content\/uploads\/2019\/01\/logo-avatar.png\",\"width\":80,\"height\":80,\"caption\":\"Instituto Celsus, S.C.\"},\"image\":{\"@id\":\"https:\/\/www.unicuc.mx\/inicio\/#\/schema\/logo\/image\/\"},\"sameAs\":[\"https:\/\/www.facebook.com\/unicelsus\",\"https:\/\/mastodon.social\/start\",\"https:\/\/www.instagram.com\/unicelsus\/\",\"https:\/\/www.linkedin.com\/in\/centro-universitario-celsus-4a37181b0\/\"],\"email\":\"admiciones@unicuc.mx\",\"telephone\":\"(461) 215 45 44\",\"legalName\":\"Instituto Celsus\",\"foundingDate\":\"2011-05-01\",\"numberOfEmployees\":{\"@type\":\"QuantitativeValue\",\"minValue\":\"11\",\"maxValue\":\"50\"},\"publishingPrinciples\":\"https:\/\/www.unicuc.mx\/inicio\/home-5\/\",\"actionableFeedbackPolicy\":\"https:\/\/www.unicuc.mx\/inicio\/reglamento\/\"}]}<\/script>\n<!-- \/ Yoast SEO Premium plugin. -->","yoast_head_json":{"title":"Con\u00f3cenos - CELSUS %","robots":{"index":"index","follow":"follow","max-snippet":"max-snippet:-1","max-image-preview":"max-image-preview:large","max-video-preview":"max-video-preview:-1"},"canonical":"https:\/\/www.unicuc.mx\/inicio\/universidad\/","og_locale":"es_ES","og_type":"article","og_title":"Con\u00f3cenos","og_description":"[vc_row full_width=\u00bbstretch_row\u00bb css=\u00bb.vc_custom_1548695969831{padding-top: 80px !important;padding-bottom: 80px !important;background-image: url(https:\/\/www.unicuc.mx\/inicio\/wp-content\/uploads\/2019\/01\/banner-filosofia-celsus.jpg?id=2642) !important;background-position: center !important;background-repeat: no-repeat !important;background-size: cover !important;}\u00bb][vc_column width=\u00bb1\/4&#8243;][\/vc_column][vc_column width=\u00bb1\/2&#8243;][vc_custom_heading text=\u00bb\u00bfQui\u00e9nes Somos?\u00bb font_container=\u00bbtag:h2|font_size:2.875rem|text_align:center|color:%23ffffff\u00bb use_theme_fonts=\u00bbyes\u00bb][vc_empty_space height=\u00bb10px\u00bb][vc_custom_heading text=\u00bb\u00bb font_container=\u00bbtag:div|text_align:center|color:%23ffffff\u00bb use_theme_fonts=\u00bbyes\u00bb][\/vc_column][vc_column width=\u00bb1\/4&#8243;][\/vc_column][\/vc_row][vc_row css=\u00bb.vc_custom_1548696055096{padding-top: 80px !important;}\u00bb][vc_column width=\u00bb1\/6&#8243;][\/vc_column][vc_column width=\u00bb2\/3&#8243;][vc_custom_heading text=\u00bbFundamento filos\u00f3fico del\u00bb font_container=\u00bbtag:h2|text_align:center\u00bb use_theme_fonts=\u00bbyes\u00bb][vc_custom_heading text=\u00bbCentro Universitario Celsus\u00bb font_container=\u00bbtag:h2|text_align:center\u00bb use_theme_fonts=\u00bbyes\u00bb][vc_empty_space height=\u00bb20px\u00bb][vc_column_text] El fundamento filos\u00f3fico de la Comunidad Universitaria Celsus, se encuentra sustentado en su [&hellip;]","og_url":"https:\/\/www.unicuc.mx\/inicio\/universidad\/","og_site_name":"CELSUS","article_publisher":"https:\/\/www.facebook.com\/unicelsus","article_modified_time":"2024-11-09T21:21:36+00:00","og_image":[{"width":80,"height":80,"url":"https:\/\/www.unicuc.mx\/inicio\/wp-content\/uploads\/2019\/01\/logo-avatar.png","type":"image\/png"}],"twitter_card":"summary_large_image","twitter_misc":{"Tiempo de lectura":"3 minutos"},"schema":{"@context":"https:\/\/schema.org","@graph":[{"@type":"WebPage","@id":"https:\/\/www.unicuc.mx\/inicio\/universidad\/","url":"https:\/\/www.unicuc.mx\/inicio\/universidad\/","name":"Con\u00f3cenos - CELSUS %","isPartOf":{"@id":"https:\/\/www.unicuc.mx\/inicio\/#website"},"datePublished":"2019-01-25T10:51:34+00:00","dateModified":"2024-11-09T21:21:36+00:00","breadcrumb":{"@id":"https:\/\/www.unicuc.mx\/inicio\/universidad\/#breadcrumb"},"inLanguage":"es","potentialAction":[{"@type":"ReadAction","target":["https:\/\/www.unicuc.mx\/inicio\/universidad\/"]}]},{"@type":"BreadcrumbList","@id":"https:\/\/www.unicuc.mx\/inicio\/universidad\/#breadcrumb","itemListElement":[{"@type":"ListItem","position":1,"name":"Portada","item":"https:\/\/www.unicuc.mx\/inicio\/"},{"@type":"ListItem","position":2,"name":"Con\u00f3cenos"}]},{"@type":"WebSite","@id":"https:\/\/www.unicuc.mx\/inicio\/#website","url":"https:\/\/www.unicuc.mx\/inicio\/","name":"unicuc.mx","description":"Universidad Celsus","publisher":{"@id":"https:\/\/www.unicuc.mx\/inicio\/#organization"},"alternateName":"Celsus","potentialAction":[{"@type":"SearchAction","target":{"@type":"EntryPoint","urlTemplate":"https:\/\/www.unicuc.mx\/inicio\/?s={search_term_string}"},"query-input":{"@type":"PropertyValueSpecification","valueRequired":true,"valueName":"search_term_string"}}],"inLanguage":"es"},{"@type":"Organization","@id":"https:\/\/www.unicuc.mx\/inicio\/#organization","name":"Instituto Celsus, S.C.","alternateName":"Universidad Celsus","url":"https:\/\/www.unicuc.mx\/inicio\/","logo":{"@type":"ImageObject","inLanguage":"es","@id":"https:\/\/www.unicuc.mx\/inicio\/#\/schema\/logo\/image\/","url":"https:\/\/www.unicuc.mx\/inicio\/wp-content\/uploads\/2019\/01\/logo-avatar.png","contentUrl":"https:\/\/www.unicuc.mx\/inicio\/wp-content\/uploads\/2019\/01\/logo-avatar.png","width":80,"height":80,"caption":"Instituto Celsus, S.C."},"image":{"@id":"https:\/\/www.unicuc.mx\/inicio\/#\/schema\/logo\/image\/"},"sameAs":["https:\/\/www.facebook.com\/unicelsus","https:\/\/mastodon.social\/start","https:\/\/www.instagram.com\/unicelsus\/","https:\/\/www.linkedin.com\/in\/centro-universitario-celsus-4a37181b0\/"],"email":"admiciones@unicuc.mx","telephone":"(461) 215 45 44","legalName":"Instituto Celsus","foundingDate":"2011-05-01","numberOfEmployees":{"@type":"QuantitativeValue","minValue":"11","maxValue":"50"},"publishingPrinciples":"https:\/\/www.unicuc.mx\/inicio\/home-5\/","actionableFeedbackPolicy":"https:\/\/www.unicuc.mx\/inicio\/reglamento\/"}]}},"_links":{"self":[{"href":"https:\/\/www.unicuc.mx\/inicio\/wp-json\/wp\/v2\/pages\/2316","targetHints":{"allow":["GET"]}}],"collection":[{"href":"https:\/\/www.unicuc.mx\/inicio\/wp-json\/wp\/v2\/pages"}],"about":[{"href":"https:\/\/www.unicuc.mx\/inicio\/wp-json\/wp\/v2\/types\/page"}],"author":[{"embeddable":true,"href":"https:\/\/www.unicuc.mx\/inicio\/wp-json\/wp\/v2\/users\/2"}],"replies":[{"embeddable":true,"href":"https:\/\/www.unicuc.mx\/inicio\/wp-json\/wp\/v2\/comments?post=2316"}],"version-history":[{"count":65,"href":"https:\/\/www.unicuc.mx\/inicio\/wp-json\/wp\/v2\/pages\/2316\/revisions"}],"predecessor-version":[{"id":3679,"href":"https:\/\/www.unicuc.mx\/inicio\/wp-json\/wp\/v2\/pages\/2316\/revisions\/3679"}],"wp:attachment":[{"href":"https:\/\/www.unicuc.mx\/inicio\/wp-json\/wp\/v2\/media?parent=2316"}],"curies":[{"name":"wp","href":"https:\/\/api.w.org\/{rel}","templated":true}]}}