{"id":2416,"date":"2019-01-25T15:17:10","date_gmt":"2019-01-25T15:17:10","guid":{"rendered":"http:\/\/www.unicuc.mx\/inicio\/?page_id=2416"},"modified":"2021-07-10T17:17:13","modified_gmt":"2021-07-10T17:17:13","slug":"primer-ingreso","status":"publish","type":"page","link":"https:\/\/www.unicuc.mx\/inicio\/primer-ingreso\/","title":{"rendered":"Primer Ingreso Licenciaturas"},"content":{"rendered":"<p>[vc_section full_width=\u00bbstretch_row\u00bb css=\u00bb.vc_custom_1548429996212{background: rgba(37,30,82,0.75) url(https:\/\/www.unicuc.mx\/inicio\/wp-content\/uploads\/2019\/01\/banner-inscripciones2.jpg?id=2419) !important;background-position: center !important;background-repeat: no-repeat !important;background-size: cover !important;*background-color: rgb(37,30,82) !important;}\u00bb el_class=\u00bbmask\u00bb][vc_row full_width=\u00bbstretch_row\u00bb css=\u00bb.vc_custom_1540434129608{padding-top: 120px !important;padding-bottom: 100px !important;}\u00bb][vc_column width=\u00bb1\/6&#8243;][\/vc_column][vc_column width=\u00bb2\/3&#8243;][vc_custom_heading text=\u00bbInscripciones Licenciaturas\u00bb font_container=\u00bbtag:div|font_size:3rem|text_align:center|color:%23ffffff\u00bb use_theme_fonts=\u00bbyes\u00bb css_animation=\u00bbfadeInUp\u00bb css=\u00bb.vc_custom_1625937430036{margin-left: 3px !important;}\u00bb el_class=\u00bbdelay-1 custom-hd\u00bb][vc_empty_space height=\u00bb20px\u00bb][vc_custom_heading text=\u00bbPrimer Ingreso\u00bb font_container=\u00bbtag:h2|font_size:6rem|text_align:center|color:%23ffffff|line_height:0.9&#8243; use_theme_fonts=\u00bbyes\u00bb css_animation=\u00bbfadeInUp\u00bb el_class=\u00bbcustom-hd delay-2&#8243;][vc_separator color=\u00bbwhite\u00bb border_width=\u00bb5&#8243; el_width=\u00bb10&#8243; css_animation=\u00bbfadeInUp\u00bb el_class=\u00bbdelay-4&#8243; css=\u00bb.vc_custom_1540434150202{margin-bottom: 50px !important;padding-top: 15px !important;}\u00bb][\/vc_column][vc_column width=\u00bb1\/6&#8243;][\/vc_column][\/vc_row][\/vc_section][vc_section full_width=\u00bbstretch_row\u00bb css_animation=\u00bbnone\u00bb el_id=\u00bboverview\u00bb][vc_row][vc_column width=\u00bb1\/6&#8243;][\/vc_column][vc_column width=\u00bb2\/3&#8243;][vc_empty_space height=\u00bb60px\u00bb][vc_custom_heading text=\u00bbInformes \/ Visita\u00bb font_container=\u00bbtag:h3|text_align:center\u00bb use_theme_fonts=\u00bbyes\u00bb][vc_empty_space height=\u00bb6px\u00bb][vc_column_text]<\/p>\n<p style=\"text-align: center;\">Visitas y actividades guiadas en las instalaciones del CUC.<\/p>\n<p>[\/vc_column_text][vc_empty_space height=\u00bb20px\u00bb][\/vc_column][vc_column width=\u00bb1\/6&#8243;][\/vc_column][\/vc_row][vc_row full_width=\u00bbstretch_row\u00bb css=\u00bb.vc_custom_1548431633256{margin-bottom: 80px !important;}\u00bb][vc_column][vc_single_image image=\u00bb2260&#8243; img_size=\u00bbfull\u00bb alignment=\u00bbcenter\u00bb][\/vc_column][\/vc_row][\/vc_section][vc_section full_width=\u00bbstretch_row\u00bb el_id=\u00bbdelivery\u00bb css=\u00bb.vc_custom_1548430678807{padding-top: 80px !important;padding-bottom: 80px !important;background-color: #f3f6f9 !important;}\u00bb][vc_row][vc_column][vc_custom_heading text=\u00bbprimer ingreso\u00bb font_container=\u00bbtag:h6|font_size:10px|text_align:center|color:%23627792&#8243; use_theme_fonts=\u00bbyes\u00bb el_class=\u00bbstyle1&#8243;][vc_empty_space height=\u00bb6px\u00bb][vc_custom_heading text=\u00bbProceso\u00bb font_container=\u00bbtag:h3|text_align:center\u00bb use_theme_fonts=\u00bbyes\u00bb][vc_empty_space height=\u00bb60px\u00bb][\/vc_column][\/vc_row][vc_row][vc_column]<ul class=\"iconlist iconlist iconlist-icon-large \"><li><div class=\"wpb_animate_when_almost_visible fadeIn delay-1\"><div class=\"iconlist-item-icon\"><img decoding=\"async\" src=\"https:\/\/www.unicuc.mx\/inicio\/wp-content\/uploads\/2019\/01\/primer-ingreso.png\" alt=\"primer-ingreso\" \/><\/div><div class=\"iconlist-item-content\"><h4>Valoraci\u00f3n de habilidades cognitivas<\/h4><p>Integrada por:<\/p><p>&#8211; Prueba de razonamiento e inteligencia l\u00f3gica.<br \/>&#8211; Prueba de capacidad num\u00e9rica y de c\u00e1lculo.<br \/>&#8211; Prueba de factor verbal.<br \/>&#8211; Prueba de razonamiento verbal.<\/div><\/div><\/li><li><div class=\"wpb_animate_when_almost_visible fadeIn delay-2\"><div class=\"iconlist-item-icon\"><img decoding=\"async\" src=\"https:\/\/www.unicuc.mx\/inicio\/wp-content\/uploads\/2019\/01\/primer-ingreso-01.png\" alt=\"primer-ingreso-01\" \/><\/div><div class=\"iconlist-item-content\"><h4>Valoraci\u00f3n de personalidad<\/h4><p>Integrada por:<\/p><p>&#8211; Test de personalidad.<br \/>&#8211; Test de temperamento (combinaci\u00f3n de los ocho temperamentos).<br \/>&#8211; Test de habilidades sociales.<\/div><\/div><\/li><li><div class=\"wpb_animate_when_almost_visible fadeIn delay-2\"><div class=\"iconlist-item-icon\"><img decoding=\"async\" src=\"https:\/\/www.unicuc.mx\/inicio\/wp-content\/uploads\/2019\/01\/primer-ingreso-02.png\" alt=\"primer-ingreso-02\" \/><\/div><div class=\"iconlist-item-content\"><h4>Entrevista personalizada<\/h4><p>Entrevista\/Devoluci\u00f3n de resultados con el departamento de psicopedagog\u00eda y orientaci\u00f3n universitaria.<\/p><p><a href=\"https:\/\/www.unicuc.mx\/inicio\/entrevistas\/\">Ver entrevistas<\/a><\/div><\/div><\/li><\/ul>[\/vc_column][\/vc_row][\/vc_section][vc_row full_width=\u00bbstretch_row\u00bb gap=\u00bb35&#8243; content_placement=\u00bbmiddle\u00bb css=\u00bb.vc_custom_1548431651592{padding-top: 80px !important;padding-bottom: 60px !important;}\u00bb el_id=\u00bbexpertise\u00bb][vc_column css_animation=\u00bbfadeIn\u00bb width=\u00bb1\/2&#8243; el_class=\u00bbdelay-1&#8243;][vc_custom_heading text=\u00bbPrimer ingreso\u00bb font_container=\u00bbtag:h6|font_size:10px|text_align:left|color:%23627792&#8243; use_theme_fonts=\u00bbyes\u00bb el_class=\u00bbstyle1&#8243;][vc_empty_space height=\u00bb6px\u00bb][vc_custom_heading text=\u00bbRequisitos de inscripci\u00f3n\u00bb font_container=\u00bbtag:h3|text_align:left\u00bb use_theme_fonts=\u00bbyes\u00bb][vc_empty_space height=\u00bb20px\u00bb][vc_column_text]<\/p>\n<table>\n<thead><\/thead>\n<tbody>\n<tr>\n<td>\n<h6 class=\"no-margin-top no-margin-bottom\">Examen m\u00e9dico aspirantes al nivel licenciatura.<\/h6>\n<\/td>\n<\/tr>\n<tr>\n<td>\n<h6 class=\"no-margin-top no-margin-bottom\">Renovar las constancias m\u00e9dicas y\/o ex\u00e1menes m\u00e9dicos de manera semestral o anual.<\/h6>\n<\/td>\n<\/tr>\n<tr>\n<td>\n<h6 class=\"no-margin-top no-margin-bottom\">Certificado de bachillerato.<\/h6>\n<\/td>\n<\/tr>\n<tr>\n<td>\n<h6 class=\"no-margin-top no-margin-bottom\">Carta de aceptaci\u00f3n por la Coordinaci\u00f3n de psicopedagog\u00eda y orientaci\u00f3n universitaria.<\/h6>\n<\/td>\n<\/tr>\n<\/tbody>\n<\/table>\n<p>[\/vc_column_text][vc_empty_space height=\u00bb50px\u00bb][\/vc_column][vc_column width=\u00bb1\/2&#8243;][vc_single_image image=\u00bb2433&#8243; img_size=\u00bb1170&#215;700&#8243; style=\u00bbvc_box_rounded\u00bb css_animation=\u00bbfadeInRight\u00bb][vc_empty_space height=\u00bb20px\u00bb][\/vc_column][\/vc_row]<\/p>\n","protected":false},"excerpt":{"rendered":"<p>[vc_section full_width=\u00bbstretch_row\u00bb css=\u00bb.vc_custom_1548429996212{background: rgba(37,30,82,0.75) url(https:\/\/www.unicuc.mx\/inicio\/wp-content\/uploads\/2019\/01\/banner-inscripciones2.jpg?id=2419) !important;background-position: center !important;background-repeat: no-repeat !important;background-size: cover !important;*background-color: rgb(37,30,82) !important;}\u00bb el_class=\u00bbmask\u00bb][vc_row full_width=\u00bbstretch_row\u00bb css=\u00bb.vc_custom_1540434129608{padding-top: 120px !important;padding-bottom: 100px !important;}\u00bb][vc_column width=\u00bb1\/6&#8243;][\/vc_column][vc_column width=\u00bb2\/3&#8243;][vc_custom_heading text=\u00bbInscripciones Licenciaturas\u00bb font_container=\u00bbtag:div|font_size:3rem|text_align:center|color:%23ffffff\u00bb use_theme_fonts=\u00bbyes\u00bb css_animation=\u00bbfadeInUp\u00bb css=\u00bb.vc_custom_1625937430036{margin-left: 3px !important;}\u00bb el_class=\u00bbdelay-1 custom-hd\u00bb][vc_empty_space height=\u00bb20px\u00bb][vc_custom_heading text=\u00bbPrimer Ingreso\u00bb font_container=\u00bbtag:h2|font_size:6rem|text_align:center|color:%23ffffff|line_height:0.9&#8243; use_theme_fonts=\u00bbyes\u00bb css_animation=\u00bbfadeInUp\u00bb el_class=\u00bbcustom-hd delay-2&#8243;][vc_separator color=\u00bbwhite\u00bb border_width=\u00bb5&#8243; el_width=\u00bb10&#8243; css_animation=\u00bbfadeInUp\u00bb el_class=\u00bbdelay-4&#8243; css=\u00bb.vc_custom_1540434150202{margin-bottom: 50px !important;padding-top: 15px !important;}\u00bb][\/vc_column][vc_column width=\u00bb1\/6&#8243;][\/vc_column][\/vc_row][\/vc_section][vc_section full_width=\u00bbstretch_row\u00bb css_animation=\u00bbnone\u00bb el_id=\u00bboverview\u00bb][vc_row][vc_column [&hellip;]<\/p>\n","protected":false},"author":2,"featured_media":0,"parent":0,"menu_order":0,"comment_status":"closed","ping_status":"closed","template":"","meta":{"_exactmetrics_skip_tracking":false,"_exactmetrics_sitenote_active":false,"_exactmetrics_sitenote_note":"","_exactmetrics_sitenote_category":0,"_uf_show_specific_survey":0,"_uf_disable_surveys":false,"footnotes":""},"class_list":["post-2416","page","type-page","status-publish","hentry"],"yoast_head":"<!-- This site is optimized with the Yoast SEO Premium plugin v26.8 (Yoast SEO v26.8) - https:\/\/yoast.com\/product\/yoast-seo-premium-wordpress\/ -->\n<title>Primer Ingreso Licenciaturas - CELSUS<\/title>\n<meta name=\"robots\" content=\"index, follow, max-snippet:-1, max-image-preview:large, max-video-preview:-1\" \/>\n<link rel=\"canonical\" href=\"https:\/\/www.unicuc.mx\/inicio\/primer-ingreso\/\" \/>\n<meta property=\"og:locale\" content=\"es_ES\" \/>\n<meta property=\"og:type\" content=\"article\" \/>\n<meta property=\"og:title\" content=\"Primer Ingreso Licenciaturas\" \/>\n<meta property=\"og:description\" content=\"[vc_section full_width=\u00bbstretch_row\u00bb css=\u00bb.vc_custom_1548429996212{background: rgba(37,30,82,0.75) url(https:\/\/www.unicuc.mx\/inicio\/wp-content\/uploads\/2019\/01\/banner-inscripciones2.jpg?id=2419) !important;background-position: center !important;background-repeat: no-repeat !important;background-size: cover !important;*background-color: rgb(37,30,82) !important;}\u00bb el_class=\u00bbmask\u00bb][vc_row full_width=\u00bbstretch_row\u00bb css=\u00bb.vc_custom_1540434129608{padding-top: 120px !important;padding-bottom: 100px !important;}\u00bb][vc_column width=\u00bb1\/6&#8243;][\/vc_column][vc_column width=\u00bb2\/3&#8243;][vc_custom_heading text=\u00bbInscripciones Licenciaturas\u00bb font_container=\u00bbtag:div|font_size:3rem|text_align:center|color:%23ffffff\u00bb use_theme_fonts=\u00bbyes\u00bb css_animation=\u00bbfadeInUp\u00bb css=\u00bb.vc_custom_1625937430036{margin-left: 3px !important;}\u00bb el_class=\u00bbdelay-1 custom-hd\u00bb][vc_empty_space height=\u00bb20px\u00bb][vc_custom_heading text=\u00bbPrimer Ingreso\u00bb font_container=\u00bbtag:h2|font_size:6rem|text_align:center|color:%23ffffff|line_height:0.9&#8243; use_theme_fonts=\u00bbyes\u00bb css_animation=\u00bbfadeInUp\u00bb el_class=\u00bbcustom-hd delay-2&#8243;][vc_separator color=\u00bbwhite\u00bb border_width=\u00bb5&#8243; el_width=\u00bb10&#8243; css_animation=\u00bbfadeInUp\u00bb el_class=\u00bbdelay-4&#8243; css=\u00bb.vc_custom_1540434150202{margin-bottom: 50px !important;padding-top: 15px !important;}\u00bb][\/vc_column][vc_column width=\u00bb1\/6&#8243;][\/vc_column][\/vc_row][\/vc_section][vc_section full_width=\u00bbstretch_row\u00bb css_animation=\u00bbnone\u00bb el_id=\u00bboverview\u00bb][vc_row][vc_column [&hellip;]\" \/>\n<meta property=\"og:url\" content=\"https:\/\/www.unicuc.mx\/inicio\/primer-ingreso\/\" \/>\n<meta property=\"og:site_name\" content=\"CELSUS\" \/>\n<meta property=\"article:publisher\" content=\"https:\/\/www.facebook.com\/unicelsus\" \/>\n<meta property=\"article:modified_time\" content=\"2021-07-10T17:17:13+00:00\" \/>\n<meta property=\"og:image\" content=\"https:\/\/www.unicuc.mx\/inicio\/wp-content\/uploads\/2019\/01\/logo-avatar.png\" \/>\n\t<meta property=\"og:image:width\" content=\"80\" \/>\n\t<meta property=\"og:image:height\" content=\"80\" \/>\n\t<meta property=\"og:image:type\" content=\"image\/png\" \/>\n<meta name=\"twitter:card\" content=\"summary_large_image\" \/>\n<meta name=\"twitter:label1\" content=\"Tiempo de lectura\" \/>\n\t<meta name=\"twitter:data1\" content=\"2 minutos\" \/>\n<script type=\"application\/ld+json\" class=\"yoast-schema-graph\">{\"@context\":\"https:\/\/schema.org\",\"@graph\":[{\"@type\":\"WebPage\",\"@id\":\"https:\/\/www.unicuc.mx\/inicio\/primer-ingreso\/\",\"url\":\"https:\/\/www.unicuc.mx\/inicio\/primer-ingreso\/\",\"name\":\"Primer Ingreso Licenciaturas - CELSUS\",\"isPartOf\":{\"@id\":\"https:\/\/www.unicuc.mx\/inicio\/#website\"},\"datePublished\":\"2019-01-25T15:17:10+00:00\",\"dateModified\":\"2021-07-10T17:17:13+00:00\",\"breadcrumb\":{\"@id\":\"https:\/\/www.unicuc.mx\/inicio\/primer-ingreso\/#breadcrumb\"},\"inLanguage\":\"es\",\"potentialAction\":[{\"@type\":\"ReadAction\",\"target\":[\"https:\/\/www.unicuc.mx\/inicio\/primer-ingreso\/\"]}]},{\"@type\":\"BreadcrumbList\",\"@id\":\"https:\/\/www.unicuc.mx\/inicio\/primer-ingreso\/#breadcrumb\",\"itemListElement\":[{\"@type\":\"ListItem\",\"position\":1,\"name\":\"Portada\",\"item\":\"https:\/\/www.unicuc.mx\/inicio\/\"},{\"@type\":\"ListItem\",\"position\":2,\"name\":\"Primer Ingreso Licenciaturas\"}]},{\"@type\":\"WebSite\",\"@id\":\"https:\/\/www.unicuc.mx\/inicio\/#website\",\"url\":\"https:\/\/www.unicuc.mx\/inicio\/\",\"name\":\"unicuc.mx\",\"description\":\"Universidad Celsus\",\"publisher\":{\"@id\":\"https:\/\/www.unicuc.mx\/inicio\/#organization\"},\"alternateName\":\"Celsus\",\"potentialAction\":[{\"@type\":\"SearchAction\",\"target\":{\"@type\":\"EntryPoint\",\"urlTemplate\":\"https:\/\/www.unicuc.mx\/inicio\/?s={search_term_string}\"},\"query-input\":{\"@type\":\"PropertyValueSpecification\",\"valueRequired\":true,\"valueName\":\"search_term_string\"}}],\"inLanguage\":\"es\"},{\"@type\":\"Organization\",\"@id\":\"https:\/\/www.unicuc.mx\/inicio\/#organization\",\"name\":\"Instituto Celsus, S.C.\",\"alternateName\":\"Universidad Celsus\",\"url\":\"https:\/\/www.unicuc.mx\/inicio\/\",\"logo\":{\"@type\":\"ImageObject\",\"inLanguage\":\"es\",\"@id\":\"https:\/\/www.unicuc.mx\/inicio\/#\/schema\/logo\/image\/\",\"url\":\"https:\/\/www.unicuc.mx\/inicio\/wp-content\/uploads\/2019\/01\/logo-avatar.png\",\"contentUrl\":\"https:\/\/www.unicuc.mx\/inicio\/wp-content\/uploads\/2019\/01\/logo-avatar.png\",\"width\":80,\"height\":80,\"caption\":\"Instituto Celsus, S.C.\"},\"image\":{\"@id\":\"https:\/\/www.unicuc.mx\/inicio\/#\/schema\/logo\/image\/\"},\"sameAs\":[\"https:\/\/www.facebook.com\/unicelsus\",\"https:\/\/mastodon.social\/start\",\"https:\/\/www.instagram.com\/unicelsus\/\",\"https:\/\/www.linkedin.com\/in\/centro-universitario-celsus-4a37181b0\/\"],\"email\":\"admiciones@unicuc.mx\",\"telephone\":\"(461) 215 45 44\",\"legalName\":\"Instituto Celsus\",\"foundingDate\":\"2011-05-01\",\"numberOfEmployees\":{\"@type\":\"QuantitativeValue\",\"minValue\":\"11\",\"maxValue\":\"50\"},\"publishingPrinciples\":\"https:\/\/www.unicuc.mx\/inicio\/home-5\/\",\"actionableFeedbackPolicy\":\"https:\/\/www.unicuc.mx\/inicio\/reglamento\/\"}]}<\/script>\n<!-- \/ Yoast SEO Premium plugin. -->","yoast_head_json":{"title":"Primer Ingreso Licenciaturas - CELSUS","robots":{"index":"index","follow":"follow","max-snippet":"max-snippet:-1","max-image-preview":"max-image-preview:large","max-video-preview":"max-video-preview:-1"},"canonical":"https:\/\/www.unicuc.mx\/inicio\/primer-ingreso\/","og_locale":"es_ES","og_type":"article","og_title":"Primer Ingreso Licenciaturas","og_description":"[vc_section full_width=\u00bbstretch_row\u00bb css=\u00bb.vc_custom_1548429996212{background: rgba(37,30,82,0.75) url(https:\/\/www.unicuc.mx\/inicio\/wp-content\/uploads\/2019\/01\/banner-inscripciones2.jpg?id=2419) !important;background-position: center !important;background-repeat: no-repeat !important;background-size: cover !important;*background-color: rgb(37,30,82) !important;}\u00bb el_class=\u00bbmask\u00bb][vc_row full_width=\u00bbstretch_row\u00bb css=\u00bb.vc_custom_1540434129608{padding-top: 120px !important;padding-bottom: 100px !important;}\u00bb][vc_column width=\u00bb1\/6&#8243;][\/vc_column][vc_column width=\u00bb2\/3&#8243;][vc_custom_heading text=\u00bbInscripciones Licenciaturas\u00bb font_container=\u00bbtag:div|font_size:3rem|text_align:center|color:%23ffffff\u00bb use_theme_fonts=\u00bbyes\u00bb css_animation=\u00bbfadeInUp\u00bb css=\u00bb.vc_custom_1625937430036{margin-left: 3px !important;}\u00bb el_class=\u00bbdelay-1 custom-hd\u00bb][vc_empty_space height=\u00bb20px\u00bb][vc_custom_heading text=\u00bbPrimer Ingreso\u00bb font_container=\u00bbtag:h2|font_size:6rem|text_align:center|color:%23ffffff|line_height:0.9&#8243; use_theme_fonts=\u00bbyes\u00bb css_animation=\u00bbfadeInUp\u00bb el_class=\u00bbcustom-hd delay-2&#8243;][vc_separator color=\u00bbwhite\u00bb border_width=\u00bb5&#8243; el_width=\u00bb10&#8243; css_animation=\u00bbfadeInUp\u00bb el_class=\u00bbdelay-4&#8243; css=\u00bb.vc_custom_1540434150202{margin-bottom: 50px !important;padding-top: 15px !important;}\u00bb][\/vc_column][vc_column width=\u00bb1\/6&#8243;][\/vc_column][\/vc_row][\/vc_section][vc_section full_width=\u00bbstretch_row\u00bb css_animation=\u00bbnone\u00bb el_id=\u00bboverview\u00bb][vc_row][vc_column [&hellip;]","og_url":"https:\/\/www.unicuc.mx\/inicio\/primer-ingreso\/","og_site_name":"CELSUS","article_publisher":"https:\/\/www.facebook.com\/unicelsus","article_modified_time":"2021-07-10T17:17:13+00:00","og_image":[{"width":80,"height":80,"url":"https:\/\/www.unicuc.mx\/inicio\/wp-content\/uploads\/2019\/01\/logo-avatar.png","type":"image\/png"}],"twitter_card":"summary_large_image","twitter_misc":{"Tiempo de lectura":"2 minutos"},"schema":{"@context":"https:\/\/schema.org","@graph":[{"@type":"WebPage","@id":"https:\/\/www.unicuc.mx\/inicio\/primer-ingreso\/","url":"https:\/\/www.unicuc.mx\/inicio\/primer-ingreso\/","name":"Primer Ingreso Licenciaturas - CELSUS","isPartOf":{"@id":"https:\/\/www.unicuc.mx\/inicio\/#website"},"datePublished":"2019-01-25T15:17:10+00:00","dateModified":"2021-07-10T17:17:13+00:00","breadcrumb":{"@id":"https:\/\/www.unicuc.mx\/inicio\/primer-ingreso\/#breadcrumb"},"inLanguage":"es","potentialAction":[{"@type":"ReadAction","target":["https:\/\/www.unicuc.mx\/inicio\/primer-ingreso\/"]}]},{"@type":"BreadcrumbList","@id":"https:\/\/www.unicuc.mx\/inicio\/primer-ingreso\/#breadcrumb","itemListElement":[{"@type":"ListItem","position":1,"name":"Portada","item":"https:\/\/www.unicuc.mx\/inicio\/"},{"@type":"ListItem","position":2,"name":"Primer Ingreso Licenciaturas"}]},{"@type":"WebSite","@id":"https:\/\/www.unicuc.mx\/inicio\/#website","url":"https:\/\/www.unicuc.mx\/inicio\/","name":"unicuc.mx","description":"Universidad Celsus","publisher":{"@id":"https:\/\/www.unicuc.mx\/inicio\/#organization"},"alternateName":"Celsus","potentialAction":[{"@type":"SearchAction","target":{"@type":"EntryPoint","urlTemplate":"https:\/\/www.unicuc.mx\/inicio\/?s={search_term_string}"},"query-input":{"@type":"PropertyValueSpecification","valueRequired":true,"valueName":"search_term_string"}}],"inLanguage":"es"},{"@type":"Organization","@id":"https:\/\/www.unicuc.mx\/inicio\/#organization","name":"Instituto Celsus, S.C.","alternateName":"Universidad Celsus","url":"https:\/\/www.unicuc.mx\/inicio\/","logo":{"@type":"ImageObject","inLanguage":"es","@id":"https:\/\/www.unicuc.mx\/inicio\/#\/schema\/logo\/image\/","url":"https:\/\/www.unicuc.mx\/inicio\/wp-content\/uploads\/2019\/01\/logo-avatar.png","contentUrl":"https:\/\/www.unicuc.mx\/inicio\/wp-content\/uploads\/2019\/01\/logo-avatar.png","width":80,"height":80,"caption":"Instituto Celsus, S.C."},"image":{"@id":"https:\/\/www.unicuc.mx\/inicio\/#\/schema\/logo\/image\/"},"sameAs":["https:\/\/www.facebook.com\/unicelsus","https:\/\/mastodon.social\/start","https:\/\/www.instagram.com\/unicelsus\/","https:\/\/www.linkedin.com\/in\/centro-universitario-celsus-4a37181b0\/"],"email":"admiciones@unicuc.mx","telephone":"(461) 215 45 44","legalName":"Instituto Celsus","foundingDate":"2011-05-01","numberOfEmployees":{"@type":"QuantitativeValue","minValue":"11","maxValue":"50"},"publishingPrinciples":"https:\/\/www.unicuc.mx\/inicio\/home-5\/","actionableFeedbackPolicy":"https:\/\/www.unicuc.mx\/inicio\/reglamento\/"}]}},"_links":{"self":[{"href":"https:\/\/www.unicuc.mx\/inicio\/wp-json\/wp\/v2\/pages\/2416","targetHints":{"allow":["GET"]}}],"collection":[{"href":"https:\/\/www.unicuc.mx\/inicio\/wp-json\/wp\/v2\/pages"}],"about":[{"href":"https:\/\/www.unicuc.mx\/inicio\/wp-json\/wp\/v2\/types\/page"}],"author":[{"embeddable":true,"href":"https:\/\/www.unicuc.mx\/inicio\/wp-json\/wp\/v2\/users\/2"}],"replies":[{"embeddable":true,"href":"https:\/\/www.unicuc.mx\/inicio\/wp-json\/wp\/v2\/comments?post=2416"}],"version-history":[{"count":33,"href":"https:\/\/www.unicuc.mx\/inicio\/wp-json\/wp\/v2\/pages\/2416\/revisions"}],"predecessor-version":[{"id":3540,"href":"https:\/\/www.unicuc.mx\/inicio\/wp-json\/wp\/v2\/pages\/2416\/revisions\/3540"}],"wp:attachment":[{"href":"https:\/\/www.unicuc.mx\/inicio\/wp-json\/wp\/v2\/media?parent=2416"}],"curies":[{"name":"wp","href":"https:\/\/api.w.org\/{rel}","templated":true}]}}