{"id":2507,"date":"2019-01-25T17:29:43","date_gmt":"2019-01-25T17:29:43","guid":{"rendered":"http:\/\/www.unicuc.mx\/inicio\/?page_id=2507"},"modified":"2019-02-13T21:55:03","modified_gmt":"2019-02-13T21:55:03","slug":"alta-direccion","status":"publish","type":"page","link":"https:\/\/www.unicuc.mx\/inicio\/diplomados\/alta-direccion\/","title":{"rendered":"Alta Direcci\u00f3n"},"content":{"rendered":"<p>[vc_section full_width=\u00bbstretch_row\u00bb css_animation=\u00bbnone\u00bb css=\u00bb.vc_custom_1548437805344{background: rgba(2,2,2,0.48) url(https:\/\/www.unicuc.mx\/inicio\/wp-content\/uploads\/2019\/01\/banners-diplomado.jpg?id=2510) !important;background-position: center !important;background-repeat: no-repeat !important;background-size: cover !important;*background-color: rgb(2,2,2) !important;}\u00bb el_class=\u00bbmask text-shadow\u00bb][vc_row full_width=\u00bbstretch_row\u00bb css=\u00bb.vc_custom_1540434073609{padding-top: 120px !important;padding-bottom: 100px !important;}\u00bb][vc_column width=\u00bb1\/6&#8243;][\/vc_column][vc_column width=\u00bb2\/3&#8243;][vc_custom_heading text=\u00bbDiplomado\u00bb font_container=\u00bbtag:div|font_size:40px|text_align:center|color:%23ffffff\u00bb use_theme_fonts=\u00bbyes\u00bb css_animation=\u00bbnone\u00bb css=\u00bb.vc_custom_1548437308670{margin-left: 3px !important;}\u00bb el_class=\u00bbdelay-1 custom-hd\u00bb][vc_empty_space height=\u00bb20px\u00bb][vc_custom_heading text=\u00bbAlta Direcci\u00f3n\u00bb font_container=\u00bbtag:h2|font_size:3rem|text_align:center|color:%23ffffff|line_height:0.9&#8243; use_theme_fonts=\u00bbyes\u00bb css_animation=\u00bbnone\u00bb el_class=\u00bbcustom-hd delay-2&#8243;][vc_separator color=\u00bbwhite\u00bb border_width=\u00bb5&#8243; el_width=\u00bb10&#8243; css_animation=\u00bbfadeInUp\u00bb el_class=\u00bbdelay-4&#8243; css=\u00bb.vc_custom_1540434095954{margin-bottom: 50px !important;padding-top: 15px !important;}\u00bb][\/vc_column][vc_column width=\u00bb1\/6&#8243;][\/vc_column][\/vc_row][\/vc_section][vc_section full_width=\u00bbstretch_row\u00bb css_animation=\u00bbnone\u00bb el_id=\u00bboverview\u00bb][vc_row full_width=\u00bbstretch_row\u00bb el_class=\u00bbgradient2&#8243;][vc_column width=\u00bb1\/6&#8243;][\/vc_column][vc_column width=\u00bb2\/3&#8243;][vc_empty_space height=\u00bb80px\u00bb][vc_custom_heading text=\u00bbdiplomado\u00bb font_container=\u00bbtag:h6|font_size:10px|text_align:center|color:%23627792&#8243; use_theme_fonts=\u00bbyes\u00bb el_class=\u00bbstyle1&#8243;][vc_empty_space height=\u00bb6px\u00bb][vc_custom_heading text=\u00bbPerfil de ingreso\u00bb font_container=\u00bbtag:h3|text_align:center\u00bb use_theme_fonts=\u00bbyes\u00bb][vc_empty_space height=\u00bb20px\u00bb][vc_row_inner][vc_column_inner width=\u00bb1\/2&#8243;][vc_single_image image=\u00bb2834&#8243; img_size=\u00bbfull\u00bb alignment=\u00bbcenter\u00bb][vc_column_text]<\/p>\n<h4 style=\"text-align: center;\">Formaci\u00f3n acad\u00e9mica<\/h4>\n<p style=\"text-align: center;\">Conocimientos generales o nociones del \u00e1rea de formaci\u00f3n del Diplomado.<\/p>\n<p>[\/vc_column_text][\/vc_column_inner][vc_column_inner width=\u00bb1\/2&#8243;][vc_single_image image=\u00bb2835&#8243; img_size=\u00bbfull\u00bb alignment=\u00bbcenter\u00bb][vc_column_text]<\/p>\n<h4 style=\"text-align: center;\">Situaci\u00f3n laboral<\/h4>\n<p style=\"text-align: center;\">Ser colaborador, emprendedor o directivo de alguna empresa o negocio.<\/p>\n<p>[\/vc_column_text][\/vc_column_inner][\/vc_row_inner][vc_empty_space height=\u00bb60px\u00bb][\/vc_column][vc_column width=\u00bb1\/6&#8243;][\/vc_column][\/vc_row][vc_row full_width=\u00bbstretch_row\u00bb css=\u00bb.vc_custom_1548778687959{background-color: #181223 !important;}\u00bb][vc_column width=\u00bb1\/6&#8243;][vc_empty_space height=\u00bb60px\u00bb][\/vc_column][vc_column width=\u00bb2\/3&#8243;][vc_empty_space height=\u00bb60px\u00bb][vc_custom_heading text=\u00bbActitud personal\u00bb font_container=\u00bbtag:h2|text_align:center|color:%23ffffff\u00bb use_theme_fonts=\u00bbyes\u00bb][vc_empty_space height=\u00bb20px\u00bb][vc_column_text]<\/p>\n<ul>\n<li>Disposici\u00f3n e inter\u00e9s por profesionalizar su pr\u00e1ctica laboral, con un alto compromiso \u00e9tico con la labor, oficio o profesi\u00f3n y el propio desarrollo personal.<\/li>\n<li>Tener una postura cr\u00edtica y comprometida, hacia los acontecimientos del contexto inmediato y global.<\/li>\n<li>Mostrar inter\u00e9s por la creatividad, la investigaci\u00f3n y la innovaci\u00f3n.<\/li>\n<\/ul>\n<p>[\/vc_column_text][vc_empty_space height=\u00bb60px\u00bb][\/vc_column][vc_column width=\u00bb1\/6&#8243;][\/vc_column][\/vc_row][\/vc_section][vc_row full_width=\u00bbstretch_row\u00bb equal_height=\u00bbyes\u00bb content_placement=\u00bbmiddle\u00bb css_animation=\u00bbnone\u00bb][vc_column][vc_empty_space height=\u00bb40px\u00bb][vc_custom_heading text=\u00bbDiplomado\u00bb font_container=\u00bbtag:h6|font_size:10px|text_align:center|color:%23627792&#8243; use_theme_fonts=\u00bbyes\u00bb el_class=\u00bbstyle1&#8243;][vc_custom_heading text=\u00bbMapa curricular\u00bb font_container=\u00bbtag:h3|text_align:center\u00bb use_theme_fonts=\u00bbyes\u00bb][vc_empty_space height=\u00bb50px\u00bb][\/vc_column][\/vc_row][vc_row][vc_column]<ul class=\"iconlist iconlist iconlist-icon-medium columns-2 gap-50\"><li><div class=\"wpb_animate_when_almost_visible fadeIn delay-1\"><div class=\"iconlist-item-icon\"><img decoding=\"async\" src=\"https:\/\/www.unicuc.mx\/inicio\/wp-content\/uploads\/2019\/01\/modulo01.png\" alt=\"modulo01\" \/><\/div><div class=\"iconlist-item-content\"><h4>Visi\u00f3n empresarial.<\/h4><p>&#8211; Interpretaci\u00f3n de estados financieros.<br \/>&#8211; M\u00e9todos de an\u00e1lisis.<br \/>&#8211; La empresa y los objetivos financieros.<br \/>&#8211; Estados financieros.<br \/>&#8211; Balance general.<br \/>&#8211; Estado de resultados.<br \/>&#8211; Flujo de efectivo.<br \/>&#8211; An\u00e1lisis horizontal y vertical.<br \/>&#8211; Razones financieros.<br \/>&#8211; Indicadores financieros.<\/div><\/div><\/li><li><div class=\"wpb_animate_when_almost_visible fadeIn delay-1\"><div class=\"iconlist-item-icon\"><img decoding=\"async\" src=\"https:\/\/www.unicuc.mx\/inicio\/wp-content\/uploads\/2019\/01\/modulo02.png\" alt=\"modulo02\" \/><\/div><div class=\"iconlist-item-content\"><h4>Visi\u00f3n financiera<\/h4><p>&#8211; La estrategia financiera.<br \/>&#8211; La estrategia competitiva de la empresa.<br \/>&#8211; Implicaciones financieras.<br \/>&#8211; Las decisiones financieras de inversi\u00f3n.<br \/>&#8211; Las decisiones de financiamiento y retribuci\u00f3n.<br \/>&#8211; La administraci\u00f3n del ciclo operativo de la organizaci\u00f3n.<br \/>&#8211; La administraci\u00f3n de los proyectos de inversi\u00f3n:<br \/>&#8211; El presupuesto de capital de la empresa.<br \/>&#8211; El costo del capital y la estructura de capital de la empresa.<br \/>&#8211; La administraci\u00f3n del riesgo financiero inversi\u00f3n de la empresa.<br \/>&#8211; La Generaci\u00f3n de Valor mediante decisiones financieras.<br \/>&#8211; El proceso de implantaci\u00f3n de la estrategia de mercado.<br \/>&#8211; Evaluaci\u00f3n del \u00e9xito y estrategias de mercado.<\/div><\/div><\/li><li><div class=\"wpb_animate_when_almost_visible fadeIn delay-1\"><div class=\"iconlist-item-icon\"><img decoding=\"async\" src=\"https:\/\/www.unicuc.mx\/inicio\/wp-content\/uploads\/2019\/01\/modulo03.png\" alt=\"modulo03\" \/><\/div><div class=\"iconlist-item-content\"><h4>Visi\u00f3n estrat\u00e9gica de marketing<\/h4><p>&#8211; La direcci\u00f3n de marketing.<br \/>&#8211; Identificaci\u00f3n de oportunidades.<br \/>&#8211; Relaci\u00f3n con clientes.<br \/>&#8211; Caracter\u00edsticas y conocimiento de cliente.<br \/>&#8211; Creaci\u00f3n de marcas fuertes.<br \/>&#8211; Las 7 P\u2019s y 5 C\u2019s de la mercadotecnia.<br \/>&#8211; Definici\u00f3n de ofertas.<br \/>&#8211; Entrega de valor.<br \/>&#8211; Comunicaci\u00f3n del valor.<br \/>&#8211; Generaci\u00f3n de crecimiento rentable.<\/div><\/div><\/li><li><div class=\"wpb_animate_when_almost_visible fadeIn delay-1\"><div class=\"iconlist-item-icon\"><img decoding=\"async\" src=\"https:\/\/www.unicuc.mx\/inicio\/wp-content\/uploads\/2019\/01\/modulo04.png\" alt=\"modulo04\" \/><\/div><div class=\"iconlist-item-content\"><h4>Visi\u00f3n de liderazgo &#8211; Direcci\u00f3n<\/h4><p>&#8211; Principios de Liderazgo.<br \/>&#8211; Liderazgo vs direcci\u00f3n.<br \/>&#8211; Estilos de liderazgo.<br \/>&#8211; Teor\u00edas de comportamiento y liderazgo.<br \/>&#8211; \u201cThe Golden circle\u201d.<br \/>&#8211; Por qu\u00e9 la gente sigue a un l\u00edder.<br \/>&#8211; Liderazgo personal.<br \/>&#8211; Principios b\u00e1sicos de auto-liderazgo.<br \/>&#8211; Desarrollo y ejercicio de nuestra marca personal.<br \/>&#8211; Mejores pr\u00e1cticas de los l\u00edderes de alto desempe\u00f1o.<br \/>&#8211; El l\u00edder como coach e integrador del equipo.<br \/>&#8211; Identificaci\u00f3n de perfiles, fortalezas y \u00e1reas de oportunidad de los Integrantes del grupo.<br \/>&#8211; Integraci\u00f3n y desarrollo de equipos de alto desempe\u00f1o.<br \/>&#8211; Comprensi\u00f3n, conocimiento y retroalimentaci\u00f3n efectiva.<br \/>&#8211; Reconocimiento al desempe\u00f1o.<br \/>&#8211; L\u00edder como agente de cambio en la organizaci\u00f3n.<br \/>&#8211; Coaching creativo.<br \/>&#8211; Definici\u00f3n e integraci\u00f3n de la visi\u00f3n del equipo.<br \/>&#8211; Motivaci\u00f3n y direcci\u00f3n a los equipos de trabajo.<br \/>&#8211; Estrategias y administraci\u00f3n de procesos de cambio e innovaci\u00f3n.<\/div><\/div><\/li><\/ul>[\/vc_column][\/vc_row]<\/p>\n","protected":false},"excerpt":{"rendered":"<p>[vc_section full_width=\u00bbstretch_row\u00bb css_animation=\u00bbnone\u00bb css=\u00bb.vc_custom_1548437805344{background: rgba(2,2,2,0.48) url(https:\/\/www.unicuc.mx\/inicio\/wp-content\/uploads\/2019\/01\/banners-diplomado.jpg?id=2510) !important;background-position: center !important;background-repeat: no-repeat !important;background-size: cover !important;*background-color: rgb(2,2,2) !important;}\u00bb el_class=\u00bbmask text-shadow\u00bb][vc_row full_width=\u00bbstretch_row\u00bb css=\u00bb.vc_custom_1540434073609{padding-top: 120px !important;padding-bottom: 100px !important;}\u00bb][vc_column width=\u00bb1\/6&#8243;][\/vc_column][vc_column width=\u00bb2\/3&#8243;][vc_custom_heading text=\u00bbDiplomado\u00bb font_container=\u00bbtag:div|font_size:40px|text_align:center|color:%23ffffff\u00bb use_theme_fonts=\u00bbyes\u00bb css_animation=\u00bbnone\u00bb css=\u00bb.vc_custom_1548437308670{margin-left: 3px !important;}\u00bb el_class=\u00bbdelay-1 custom-hd\u00bb][vc_empty_space height=\u00bb20px\u00bb][vc_custom_heading text=\u00bbAlta Direcci\u00f3n\u00bb font_container=\u00bbtag:h2|font_size:3rem|text_align:center|color:%23ffffff|line_height:0.9&#8243; use_theme_fonts=\u00bbyes\u00bb css_animation=\u00bbnone\u00bb el_class=\u00bbcustom-hd delay-2&#8243;][vc_separator color=\u00bbwhite\u00bb border_width=\u00bb5&#8243; el_width=\u00bb10&#8243; css_animation=\u00bbfadeInUp\u00bb el_class=\u00bbdelay-4&#8243; css=\u00bb.vc_custom_1540434095954{margin-bottom: 50px !important;padding-top: 15px !important;}\u00bb][\/vc_column][vc_column width=\u00bb1\/6&#8243;][\/vc_column][\/vc_row][\/vc_section][vc_section full_width=\u00bbstretch_row\u00bb css_animation=\u00bbnone\u00bb [&hellip;]<\/p>\n","protected":false},"author":2,"featured_media":0,"parent":2825,"menu_order":0,"comment_status":"closed","ping_status":"closed","template":"","meta":{"_exactmetrics_skip_tracking":false,"_exactmetrics_sitenote_active":false,"_exactmetrics_sitenote_note":"","_exactmetrics_sitenote_category":0,"_uf_show_specific_survey":0,"_uf_disable_surveys":false,"footnotes":""},"class_list":["post-2507","page","type-page","status-publish","hentry"],"yoast_head":"<!-- This site is optimized with the Yoast SEO Premium plugin v26.8 (Yoast SEO v26.8) - https:\/\/yoast.com\/product\/yoast-seo-premium-wordpress\/ -->\n<title>Alta Direcci\u00f3n - CELSUS<\/title>\n<meta name=\"robots\" content=\"index, follow, max-snippet:-1, max-image-preview:large, max-video-preview:-1\" \/>\n<link rel=\"canonical\" href=\"https:\/\/www.unicuc.mx\/inicio\/diplomados\/alta-direccion\/\" \/>\n<meta property=\"og:locale\" content=\"es_ES\" \/>\n<meta property=\"og:type\" content=\"article\" \/>\n<meta property=\"og:title\" content=\"Alta Direcci\u00f3n\" \/>\n<meta property=\"og:description\" content=\"[vc_section full_width=\u00bbstretch_row\u00bb css_animation=\u00bbnone\u00bb css=\u00bb.vc_custom_1548437805344{background: rgba(2,2,2,0.48) url(https:\/\/www.unicuc.mx\/inicio\/wp-content\/uploads\/2019\/01\/banners-diplomado.jpg?id=2510) !important;background-position: center !important;background-repeat: no-repeat !important;background-size: cover !important;*background-color: rgb(2,2,2) !important;}\u00bb el_class=\u00bbmask text-shadow\u00bb][vc_row full_width=\u00bbstretch_row\u00bb css=\u00bb.vc_custom_1540434073609{padding-top: 120px !important;padding-bottom: 100px !important;}\u00bb][vc_column width=\u00bb1\/6&#8243;][\/vc_column][vc_column width=\u00bb2\/3&#8243;][vc_custom_heading text=\u00bbDiplomado\u00bb font_container=\u00bbtag:div|font_size:40px|text_align:center|color:%23ffffff\u00bb use_theme_fonts=\u00bbyes\u00bb css_animation=\u00bbnone\u00bb css=\u00bb.vc_custom_1548437308670{margin-left: 3px !important;}\u00bb el_class=\u00bbdelay-1 custom-hd\u00bb][vc_empty_space height=\u00bb20px\u00bb][vc_custom_heading text=\u00bbAlta Direcci\u00f3n\u00bb font_container=\u00bbtag:h2|font_size:3rem|text_align:center|color:%23ffffff|line_height:0.9&#8243; use_theme_fonts=\u00bbyes\u00bb css_animation=\u00bbnone\u00bb el_class=\u00bbcustom-hd delay-2&#8243;][vc_separator color=\u00bbwhite\u00bb border_width=\u00bb5&#8243; el_width=\u00bb10&#8243; css_animation=\u00bbfadeInUp\u00bb el_class=\u00bbdelay-4&#8243; css=\u00bb.vc_custom_1540434095954{margin-bottom: 50px !important;padding-top: 15px !important;}\u00bb][\/vc_column][vc_column width=\u00bb1\/6&#8243;][\/vc_column][\/vc_row][\/vc_section][vc_section full_width=\u00bbstretch_row\u00bb css_animation=\u00bbnone\u00bb [&hellip;]\" \/>\n<meta property=\"og:url\" content=\"https:\/\/www.unicuc.mx\/inicio\/diplomados\/alta-direccion\/\" \/>\n<meta property=\"og:site_name\" content=\"CELSUS\" \/>\n<meta property=\"article:publisher\" content=\"https:\/\/www.facebook.com\/unicelsus\" \/>\n<meta property=\"article:modified_time\" content=\"2019-02-13T21:55:03+00:00\" \/>\n<meta property=\"og:image\" content=\"https:\/\/www.unicuc.mx\/inicio\/wp-content\/uploads\/2019\/01\/logo-avatar.png\" \/>\n\t<meta property=\"og:image:width\" content=\"80\" \/>\n\t<meta property=\"og:image:height\" content=\"80\" \/>\n\t<meta property=\"og:image:type\" content=\"image\/png\" \/>\n<meta name=\"twitter:card\" content=\"summary_large_image\" \/>\n<meta name=\"twitter:label1\" content=\"Tiempo de lectura\" \/>\n\t<meta name=\"twitter:data1\" content=\"5 minutos\" \/>\n<script type=\"application\/ld+json\" class=\"yoast-schema-graph\">{\"@context\":\"https:\/\/schema.org\",\"@graph\":[{\"@type\":\"WebPage\",\"@id\":\"https:\/\/www.unicuc.mx\/inicio\/diplomados\/alta-direccion\/\",\"url\":\"https:\/\/www.unicuc.mx\/inicio\/diplomados\/alta-direccion\/\",\"name\":\"Alta Direcci\u00f3n - CELSUS\",\"isPartOf\":{\"@id\":\"https:\/\/www.unicuc.mx\/inicio\/#website\"},\"datePublished\":\"2019-01-25T17:29:43+00:00\",\"dateModified\":\"2019-02-13T21:55:03+00:00\",\"breadcrumb\":{\"@id\":\"https:\/\/www.unicuc.mx\/inicio\/diplomados\/alta-direccion\/#breadcrumb\"},\"inLanguage\":\"es\",\"potentialAction\":[{\"@type\":\"ReadAction\",\"target\":[\"https:\/\/www.unicuc.mx\/inicio\/diplomados\/alta-direccion\/\"]}]},{\"@type\":\"BreadcrumbList\",\"@id\":\"https:\/\/www.unicuc.mx\/inicio\/diplomados\/alta-direccion\/#breadcrumb\",\"itemListElement\":[{\"@type\":\"ListItem\",\"position\":1,\"name\":\"Portada\",\"item\":\"https:\/\/www.unicuc.mx\/inicio\/\"},{\"@type\":\"ListItem\",\"position\":2,\"name\":\"Diplomados\",\"item\":\"https:\/\/www.unicuc.mx\/inicio\/diplomados\/\"},{\"@type\":\"ListItem\",\"position\":3,\"name\":\"Alta Direcci\u00f3n\"}]},{\"@type\":\"WebSite\",\"@id\":\"https:\/\/www.unicuc.mx\/inicio\/#website\",\"url\":\"https:\/\/www.unicuc.mx\/inicio\/\",\"name\":\"unicuc.mx\",\"description\":\"Universidad Celsus\",\"publisher\":{\"@id\":\"https:\/\/www.unicuc.mx\/inicio\/#organization\"},\"alternateName\":\"Celsus\",\"potentialAction\":[{\"@type\":\"SearchAction\",\"target\":{\"@type\":\"EntryPoint\",\"urlTemplate\":\"https:\/\/www.unicuc.mx\/inicio\/?s={search_term_string}\"},\"query-input\":{\"@type\":\"PropertyValueSpecification\",\"valueRequired\":true,\"valueName\":\"search_term_string\"}}],\"inLanguage\":\"es\"},{\"@type\":\"Organization\",\"@id\":\"https:\/\/www.unicuc.mx\/inicio\/#organization\",\"name\":\"Instituto Celsus, S.C.\",\"alternateName\":\"Universidad Celsus\",\"url\":\"https:\/\/www.unicuc.mx\/inicio\/\",\"logo\":{\"@type\":\"ImageObject\",\"inLanguage\":\"es\",\"@id\":\"https:\/\/www.unicuc.mx\/inicio\/#\/schema\/logo\/image\/\",\"url\":\"https:\/\/www.unicuc.mx\/inicio\/wp-content\/uploads\/2019\/01\/logo-avatar.png\",\"contentUrl\":\"https:\/\/www.unicuc.mx\/inicio\/wp-content\/uploads\/2019\/01\/logo-avatar.png\",\"width\":80,\"height\":80,\"caption\":\"Instituto Celsus, S.C.\"},\"image\":{\"@id\":\"https:\/\/www.unicuc.mx\/inicio\/#\/schema\/logo\/image\/\"},\"sameAs\":[\"https:\/\/www.facebook.com\/unicelsus\",\"https:\/\/mastodon.social\/start\",\"https:\/\/www.instagram.com\/unicelsus\/\",\"https:\/\/www.linkedin.com\/in\/centro-universitario-celsus-4a37181b0\/\"],\"email\":\"admiciones@unicuc.mx\",\"telephone\":\"(461) 215 45 44\",\"legalName\":\"Instituto Celsus\",\"foundingDate\":\"2011-05-01\",\"numberOfEmployees\":{\"@type\":\"QuantitativeValue\",\"minValue\":\"11\",\"maxValue\":\"50\"},\"publishingPrinciples\":\"https:\/\/www.unicuc.mx\/inicio\/home-5\/\",\"actionableFeedbackPolicy\":\"https:\/\/www.unicuc.mx\/inicio\/reglamento\/\"}]}<\/script>\n<!-- \/ Yoast SEO Premium plugin. -->","yoast_head_json":{"title":"Alta Direcci\u00f3n - CELSUS","robots":{"index":"index","follow":"follow","max-snippet":"max-snippet:-1","max-image-preview":"max-image-preview:large","max-video-preview":"max-video-preview:-1"},"canonical":"https:\/\/www.unicuc.mx\/inicio\/diplomados\/alta-direccion\/","og_locale":"es_ES","og_type":"article","og_title":"Alta Direcci\u00f3n","og_description":"[vc_section full_width=\u00bbstretch_row\u00bb css_animation=\u00bbnone\u00bb css=\u00bb.vc_custom_1548437805344{background: rgba(2,2,2,0.48) url(https:\/\/www.unicuc.mx\/inicio\/wp-content\/uploads\/2019\/01\/banners-diplomado.jpg?id=2510) !important;background-position: center !important;background-repeat: no-repeat !important;background-size: cover !important;*background-color: rgb(2,2,2) !important;}\u00bb el_class=\u00bbmask text-shadow\u00bb][vc_row full_width=\u00bbstretch_row\u00bb css=\u00bb.vc_custom_1540434073609{padding-top: 120px !important;padding-bottom: 100px !important;}\u00bb][vc_column width=\u00bb1\/6&#8243;][\/vc_column][vc_column width=\u00bb2\/3&#8243;][vc_custom_heading text=\u00bbDiplomado\u00bb font_container=\u00bbtag:div|font_size:40px|text_align:center|color:%23ffffff\u00bb use_theme_fonts=\u00bbyes\u00bb css_animation=\u00bbnone\u00bb css=\u00bb.vc_custom_1548437308670{margin-left: 3px !important;}\u00bb el_class=\u00bbdelay-1 custom-hd\u00bb][vc_empty_space height=\u00bb20px\u00bb][vc_custom_heading text=\u00bbAlta Direcci\u00f3n\u00bb font_container=\u00bbtag:h2|font_size:3rem|text_align:center|color:%23ffffff|line_height:0.9&#8243; use_theme_fonts=\u00bbyes\u00bb css_animation=\u00bbnone\u00bb el_class=\u00bbcustom-hd delay-2&#8243;][vc_separator color=\u00bbwhite\u00bb border_width=\u00bb5&#8243; el_width=\u00bb10&#8243; css_animation=\u00bbfadeInUp\u00bb el_class=\u00bbdelay-4&#8243; css=\u00bb.vc_custom_1540434095954{margin-bottom: 50px !important;padding-top: 15px !important;}\u00bb][\/vc_column][vc_column width=\u00bb1\/6&#8243;][\/vc_column][\/vc_row][\/vc_section][vc_section full_width=\u00bbstretch_row\u00bb css_animation=\u00bbnone\u00bb [&hellip;]","og_url":"https:\/\/www.unicuc.mx\/inicio\/diplomados\/alta-direccion\/","og_site_name":"CELSUS","article_publisher":"https:\/\/www.facebook.com\/unicelsus","article_modified_time":"2019-02-13T21:55:03+00:00","og_image":[{"width":80,"height":80,"url":"https:\/\/www.unicuc.mx\/inicio\/wp-content\/uploads\/2019\/01\/logo-avatar.png","type":"image\/png"}],"twitter_card":"summary_large_image","twitter_misc":{"Tiempo de lectura":"5 minutos"},"schema":{"@context":"https:\/\/schema.org","@graph":[{"@type":"WebPage","@id":"https:\/\/www.unicuc.mx\/inicio\/diplomados\/alta-direccion\/","url":"https:\/\/www.unicuc.mx\/inicio\/diplomados\/alta-direccion\/","name":"Alta Direcci\u00f3n - CELSUS","isPartOf":{"@id":"https:\/\/www.unicuc.mx\/inicio\/#website"},"datePublished":"2019-01-25T17:29:43+00:00","dateModified":"2019-02-13T21:55:03+00:00","breadcrumb":{"@id":"https:\/\/www.unicuc.mx\/inicio\/diplomados\/alta-direccion\/#breadcrumb"},"inLanguage":"es","potentialAction":[{"@type":"ReadAction","target":["https:\/\/www.unicuc.mx\/inicio\/diplomados\/alta-direccion\/"]}]},{"@type":"BreadcrumbList","@id":"https:\/\/www.unicuc.mx\/inicio\/diplomados\/alta-direccion\/#breadcrumb","itemListElement":[{"@type":"ListItem","position":1,"name":"Portada","item":"https:\/\/www.unicuc.mx\/inicio\/"},{"@type":"ListItem","position":2,"name":"Diplomados","item":"https:\/\/www.unicuc.mx\/inicio\/diplomados\/"},{"@type":"ListItem","position":3,"name":"Alta Direcci\u00f3n"}]},{"@type":"WebSite","@id":"https:\/\/www.unicuc.mx\/inicio\/#website","url":"https:\/\/www.unicuc.mx\/inicio\/","name":"unicuc.mx","description":"Universidad Celsus","publisher":{"@id":"https:\/\/www.unicuc.mx\/inicio\/#organization"},"alternateName":"Celsus","potentialAction":[{"@type":"SearchAction","target":{"@type":"EntryPoint","urlTemplate":"https:\/\/www.unicuc.mx\/inicio\/?s={search_term_string}"},"query-input":{"@type":"PropertyValueSpecification","valueRequired":true,"valueName":"search_term_string"}}],"inLanguage":"es"},{"@type":"Organization","@id":"https:\/\/www.unicuc.mx\/inicio\/#organization","name":"Instituto Celsus, S.C.","alternateName":"Universidad Celsus","url":"https:\/\/www.unicuc.mx\/inicio\/","logo":{"@type":"ImageObject","inLanguage":"es","@id":"https:\/\/www.unicuc.mx\/inicio\/#\/schema\/logo\/image\/","url":"https:\/\/www.unicuc.mx\/inicio\/wp-content\/uploads\/2019\/01\/logo-avatar.png","contentUrl":"https:\/\/www.unicuc.mx\/inicio\/wp-content\/uploads\/2019\/01\/logo-avatar.png","width":80,"height":80,"caption":"Instituto Celsus, S.C."},"image":{"@id":"https:\/\/www.unicuc.mx\/inicio\/#\/schema\/logo\/image\/"},"sameAs":["https:\/\/www.facebook.com\/unicelsus","https:\/\/mastodon.social\/start","https:\/\/www.instagram.com\/unicelsus\/","https:\/\/www.linkedin.com\/in\/centro-universitario-celsus-4a37181b0\/"],"email":"admiciones@unicuc.mx","telephone":"(461) 215 45 44","legalName":"Instituto Celsus","foundingDate":"2011-05-01","numberOfEmployees":{"@type":"QuantitativeValue","minValue":"11","maxValue":"50"},"publishingPrinciples":"https:\/\/www.unicuc.mx\/inicio\/home-5\/","actionableFeedbackPolicy":"https:\/\/www.unicuc.mx\/inicio\/reglamento\/"}]}},"_links":{"self":[{"href":"https:\/\/www.unicuc.mx\/inicio\/wp-json\/wp\/v2\/pages\/2507","targetHints":{"allow":["GET"]}}],"collection":[{"href":"https:\/\/www.unicuc.mx\/inicio\/wp-json\/wp\/v2\/pages"}],"about":[{"href":"https:\/\/www.unicuc.mx\/inicio\/wp-json\/wp\/v2\/types\/page"}],"author":[{"embeddable":true,"href":"https:\/\/www.unicuc.mx\/inicio\/wp-json\/wp\/v2\/users\/2"}],"replies":[{"embeddable":true,"href":"https:\/\/www.unicuc.mx\/inicio\/wp-json\/wp\/v2\/comments?post=2507"}],"version-history":[{"count":55,"href":"https:\/\/www.unicuc.mx\/inicio\/wp-json\/wp\/v2\/pages\/2507\/revisions"}],"predecessor-version":[{"id":3120,"href":"https:\/\/www.unicuc.mx\/inicio\/wp-json\/wp\/v2\/pages\/2507\/revisions\/3120"}],"up":[{"embeddable":true,"href":"https:\/\/www.unicuc.mx\/inicio\/wp-json\/wp\/v2\/pages\/2825"}],"wp:attachment":[{"href":"https:\/\/www.unicuc.mx\/inicio\/wp-json\/wp\/v2\/media?parent=2507"}],"curies":[{"name":"wp","href":"https:\/\/api.w.org\/{rel}","templated":true}]}}