{"id":3428,"date":"2019-08-28T01:01:28","date_gmt":"2019-08-28T01:01:28","guid":{"rendered":"http:\/\/www.unicuc.mx\/inicio\/?page_id=3428"},"modified":"2020-05-12T22:52:54","modified_gmt":"2020-05-12T22:52:54","slug":"aviso-de-confidencialidad","status":"publish","type":"page","link":"https:\/\/www.unicuc.mx\/inicio\/aviso-de-confidencialidad\/","title":{"rendered":"Aviso de confidencialidad"},"content":{"rendered":"\n<p>Con fundamento en los art\u00edculos 15 y 16 de la Ley Federal de Protecci\u00f3n de Datos Personales en Posesi\u00f3n de Particulares hacemos de su conocimiento que INSTITUTO CELSUS, con domicilio en\u00a0FRANCISCO I MADERO 609, COLONIA CENTRO, CELAYA GTO. C.P. 38000,\u00a0es responsable de recabar sus datos personales, del uso que se le d\u00e9 a los mismos y de su protecci\u00f3n.<\/p>\n\n\n\n<p>Su informaci\u00f3n personal que recopilamos,&nbsp;ya sea de forma directa cuando usted mismo los provee ya sea mediante registros, formularios, o integraci\u00f3n de expediente, correo electr\u00f3nico o por diversos medios, derivado de la relaci\u00f3n comercial o laboral, o cuando se obtienen sus datos a trav\u00e9s de otras fuentes permitidas por la ley,&nbsp;ser\u00e1 utilizada para efectos de la relaci\u00f3n, incluyendo la celebraci\u00f3n de contratos,&nbsp;para el cumplimiento de las obligaciones derivadas de esa relaci\u00f3n jur\u00eddica,&nbsp;proveer los servicios, productos e informaci\u00f3n que ha solicitado, comunicarle sobre cambios en los mismos y evaluar la calidad del servicio que le brindamos, o para atender requerimientos judiciales de autoridad competente. Para las finalidades antes mencionadas, requerimos obtener los siguientes datos personales:<\/p>\n\n\n\n<p>(a) Datos de identificaci\u00f3n y de contacto: nombre completo, direcci\u00f3n, tel\u00e9fono de casa, celular y\/o de trabajo, estado civil, firma, firma electr\u00f3nica, correo electr\u00f3nico, nombre de usuario y contrase\u00f1a, direcci\u00f3n IP, R.F.C., C.U.R.P., lugar y fecha de nacimiento, edad, nombres de familiares, dependientes y beneficiarios, as\u00ed como sus domicilios, entre otros.<\/p>\n\n\n\n<p>(b)Datos laborales: ocupaci\u00f3n, puesto, \u00e1rea o departamento, domicilio, tel\u00e9fono y correo de trabajo, referencias laborales, referencias personales y referencias comerciales, entre otros.<\/p>\n\n\n\n<p>(c) Datos financieros o patrimoniales: bienes muebles e inmuebles, historial crediticio, ingresos y egresos, cuentas bancarias, seguros, afores, fianzas, servicios contratados, entre otros.<\/p>\n\n\n\n<p>Es importante informarle que usted tiene derecho al Acceso, Rectificaci\u00f3n, Cancelaci\u00f3n y Oposici\u00f3n de sus datos personales, a oponerse al tratamiento de los mismos o a revocar el consentimiento que para dicho fin nos haya otorgado.<\/p>\n\n\n\n<p><br>Para ello, es necesario que dirija la solicitud en los t\u00e9rminos que marca la Ley en su Art. 29 al Departamento de Protecci\u00f3n de Datos Personales, ubicado en\u00a0 FRANCISCO I MADERO 609, COLONIA CENTRO, CELAYA GTO. C.P. 38000 ,\u00a0o v\u00eda correo electr\u00f3nico a\u00a0<a href=\"mailto:privacidaddatos.aviso@gmail.com\">privacidad@unicuc.mx<\/a>\u00a0el cual solicitamos confirme v\u00eda telef\u00f3nica para garantizar su correcta recepci\u00f3n.<\/p>\n\n\n\n<p>Por otra parte, hacemos de su conocimiento que INSTITUTO CELSUS S.C. no transfiere informaci\u00f3n personal a terceros, solamente a\u00a0sociedades subsidiarias, filiales, afiliadas y controladoras.<\/p>\n\n\n\n<p>En caso de que no obtengamos su oposici\u00f3n expresa para que sus datos personales sean transferidos en la forma y t\u00e9rminos antes descrita, entenderemos que ha otorgado su consentimiento en forma t\u00e1cita para ello.<\/p>\n\n\n\n<p>En caso de que no desee recibir mensajes promocionales de nuestra parte, puede enviarnos su solicitud al correo electr\u00f3nico:\u00a0 <br><a href=\"mailto:privacidaddatos.aviso@gmail.com\">privacidad@unicuc.mx<\/a> <\/p>\n\n\n\n<p><strong>CENTRO\u00a0UNIVERSITARIO\u00a0CELSUS\u00a0S.C<\/strong><\/p>\n","protected":false},"excerpt":{"rendered":"<p>Con fundamento en los art\u00edculos 15 y 16 de la Ley Federal de Protecci\u00f3n de Datos Personales en Posesi\u00f3n de Particulares hacemos de su conocimiento que INSTITUTO CELSUS, con domicilio en\u00a0FRANCISCO I MADERO 609, COLONIA CENTRO, CELAYA GTO. C.P. 38000,\u00a0es responsable de recabar sus datos personales, del uso que se le d\u00e9 a los mismos [&hellip;]<\/p>\n","protected":false},"author":2,"featured_media":0,"parent":0,"menu_order":0,"comment_status":"closed","ping_status":"closed","template":"","meta":{"_exactmetrics_skip_tracking":false,"_exactmetrics_sitenote_active":false,"_exactmetrics_sitenote_note":"","_exactmetrics_sitenote_category":0,"_uf_show_specific_survey":0,"_uf_disable_surveys":false,"footnotes":""},"class_list":["post-3428","page","type-page","status-publish","hentry"],"yoast_head":"<!-- This site is optimized with the Yoast SEO Premium plugin v26.8 (Yoast SEO v26.8) - https:\/\/yoast.com\/product\/yoast-seo-premium-wordpress\/ -->\n<title>Aviso de confidencialidad - CELSUS<\/title>\n<meta name=\"robots\" content=\"index, follow, max-snippet:-1, max-image-preview:large, max-video-preview:-1\" \/>\n<link rel=\"canonical\" href=\"https:\/\/www.unicuc.mx\/inicio\/aviso-de-confidencialidad\/\" \/>\n<meta property=\"og:locale\" content=\"es_ES\" \/>\n<meta property=\"og:type\" content=\"article\" \/>\n<meta property=\"og:title\" content=\"Aviso de confidencialidad\" \/>\n<meta property=\"og:description\" content=\"Con fundamento en los art\u00edculos 15 y 16 de la Ley Federal de Protecci\u00f3n de Datos Personales en Posesi\u00f3n de Particulares hacemos de su conocimiento que INSTITUTO CELSUS, con domicilio en\u00a0FRANCISCO I MADERO 609, COLONIA CENTRO, CELAYA GTO. C.P. 38000,\u00a0es responsable de recabar sus datos personales, del uso que se le d\u00e9 a los mismos [&hellip;]\" \/>\n<meta property=\"og:url\" content=\"https:\/\/www.unicuc.mx\/inicio\/aviso-de-confidencialidad\/\" \/>\n<meta property=\"og:site_name\" content=\"CELSUS\" \/>\n<meta property=\"article:publisher\" content=\"https:\/\/www.facebook.com\/unicelsus\" \/>\n<meta property=\"article:modified_time\" content=\"2020-05-12T22:52:54+00:00\" \/>\n<meta property=\"og:image\" content=\"https:\/\/www.unicuc.mx\/inicio\/wp-content\/uploads\/2019\/01\/logo-avatar.png\" \/>\n\t<meta property=\"og:image:width\" content=\"80\" \/>\n\t<meta property=\"og:image:height\" content=\"80\" \/>\n\t<meta property=\"og:image:type\" content=\"image\/png\" \/>\n<meta name=\"twitter:card\" content=\"summary_large_image\" \/>\n<meta name=\"twitter:label1\" content=\"Tiempo de lectura\" \/>\n\t<meta name=\"twitter:data1\" content=\"2 minutos\" \/>\n<script type=\"application\/ld+json\" class=\"yoast-schema-graph\">{\"@context\":\"https:\/\/schema.org\",\"@graph\":[{\"@type\":\"WebPage\",\"@id\":\"https:\/\/www.unicuc.mx\/inicio\/aviso-de-confidencialidad\/\",\"url\":\"https:\/\/www.unicuc.mx\/inicio\/aviso-de-confidencialidad\/\",\"name\":\"Aviso de confidencialidad - CELSUS\",\"isPartOf\":{\"@id\":\"https:\/\/www.unicuc.mx\/inicio\/#website\"},\"datePublished\":\"2019-08-28T01:01:28+00:00\",\"dateModified\":\"2020-05-12T22:52:54+00:00\",\"breadcrumb\":{\"@id\":\"https:\/\/www.unicuc.mx\/inicio\/aviso-de-confidencialidad\/#breadcrumb\"},\"inLanguage\":\"es\",\"potentialAction\":[{\"@type\":\"ReadAction\",\"target\":[\"https:\/\/www.unicuc.mx\/inicio\/aviso-de-confidencialidad\/\"]}]},{\"@type\":\"BreadcrumbList\",\"@id\":\"https:\/\/www.unicuc.mx\/inicio\/aviso-de-confidencialidad\/#breadcrumb\",\"itemListElement\":[{\"@type\":\"ListItem\",\"position\":1,\"name\":\"Portada\",\"item\":\"https:\/\/www.unicuc.mx\/inicio\/\"},{\"@type\":\"ListItem\",\"position\":2,\"name\":\"Aviso de confidencialidad\"}]},{\"@type\":\"WebSite\",\"@id\":\"https:\/\/www.unicuc.mx\/inicio\/#website\",\"url\":\"https:\/\/www.unicuc.mx\/inicio\/\",\"name\":\"unicuc.mx\",\"description\":\"Universidad Celsus\",\"publisher\":{\"@id\":\"https:\/\/www.unicuc.mx\/inicio\/#organization\"},\"alternateName\":\"Celsus\",\"potentialAction\":[{\"@type\":\"SearchAction\",\"target\":{\"@type\":\"EntryPoint\",\"urlTemplate\":\"https:\/\/www.unicuc.mx\/inicio\/?s={search_term_string}\"},\"query-input\":{\"@type\":\"PropertyValueSpecification\",\"valueRequired\":true,\"valueName\":\"search_term_string\"}}],\"inLanguage\":\"es\"},{\"@type\":\"Organization\",\"@id\":\"https:\/\/www.unicuc.mx\/inicio\/#organization\",\"name\":\"Instituto Celsus, S.C.\",\"alternateName\":\"Universidad Celsus\",\"url\":\"https:\/\/www.unicuc.mx\/inicio\/\",\"logo\":{\"@type\":\"ImageObject\",\"inLanguage\":\"es\",\"@id\":\"https:\/\/www.unicuc.mx\/inicio\/#\/schema\/logo\/image\/\",\"url\":\"https:\/\/www.unicuc.mx\/inicio\/wp-content\/uploads\/2019\/01\/logo-avatar.png\",\"contentUrl\":\"https:\/\/www.unicuc.mx\/inicio\/wp-content\/uploads\/2019\/01\/logo-avatar.png\",\"width\":80,\"height\":80,\"caption\":\"Instituto Celsus, S.C.\"},\"image\":{\"@id\":\"https:\/\/www.unicuc.mx\/inicio\/#\/schema\/logo\/image\/\"},\"sameAs\":[\"https:\/\/www.facebook.com\/unicelsus\",\"https:\/\/mastodon.social\/start\",\"https:\/\/www.instagram.com\/unicelsus\/\",\"https:\/\/www.linkedin.com\/in\/centro-universitario-celsus-4a37181b0\/\"],\"email\":\"admiciones@unicuc.mx\",\"telephone\":\"(461) 215 45 44\",\"legalName\":\"Instituto Celsus\",\"foundingDate\":\"2011-05-01\",\"numberOfEmployees\":{\"@type\":\"QuantitativeValue\",\"minValue\":\"11\",\"maxValue\":\"50\"},\"publishingPrinciples\":\"https:\/\/www.unicuc.mx\/inicio\/home-5\/\",\"actionableFeedbackPolicy\":\"https:\/\/www.unicuc.mx\/inicio\/reglamento\/\"}]}<\/script>\n<!-- \/ Yoast SEO Premium plugin. -->","yoast_head_json":{"title":"Aviso de confidencialidad - CELSUS","robots":{"index":"index","follow":"follow","max-snippet":"max-snippet:-1","max-image-preview":"max-image-preview:large","max-video-preview":"max-video-preview:-1"},"canonical":"https:\/\/www.unicuc.mx\/inicio\/aviso-de-confidencialidad\/","og_locale":"es_ES","og_type":"article","og_title":"Aviso de confidencialidad","og_description":"Con fundamento en los art\u00edculos 15 y 16 de la Ley Federal de Protecci\u00f3n de Datos Personales en Posesi\u00f3n de Particulares hacemos de su conocimiento que INSTITUTO CELSUS, con domicilio en\u00a0FRANCISCO I MADERO 609, COLONIA CENTRO, CELAYA GTO. C.P. 38000,\u00a0es responsable de recabar sus datos personales, del uso que se le d\u00e9 a los mismos [&hellip;]","og_url":"https:\/\/www.unicuc.mx\/inicio\/aviso-de-confidencialidad\/","og_site_name":"CELSUS","article_publisher":"https:\/\/www.facebook.com\/unicelsus","article_modified_time":"2020-05-12T22:52:54+00:00","og_image":[{"width":80,"height":80,"url":"https:\/\/www.unicuc.mx\/inicio\/wp-content\/uploads\/2019\/01\/logo-avatar.png","type":"image\/png"}],"twitter_card":"summary_large_image","twitter_misc":{"Tiempo de lectura":"2 minutos"},"schema":{"@context":"https:\/\/schema.org","@graph":[{"@type":"WebPage","@id":"https:\/\/www.unicuc.mx\/inicio\/aviso-de-confidencialidad\/","url":"https:\/\/www.unicuc.mx\/inicio\/aviso-de-confidencialidad\/","name":"Aviso de confidencialidad - CELSUS","isPartOf":{"@id":"https:\/\/www.unicuc.mx\/inicio\/#website"},"datePublished":"2019-08-28T01:01:28+00:00","dateModified":"2020-05-12T22:52:54+00:00","breadcrumb":{"@id":"https:\/\/www.unicuc.mx\/inicio\/aviso-de-confidencialidad\/#breadcrumb"},"inLanguage":"es","potentialAction":[{"@type":"ReadAction","target":["https:\/\/www.unicuc.mx\/inicio\/aviso-de-confidencialidad\/"]}]},{"@type":"BreadcrumbList","@id":"https:\/\/www.unicuc.mx\/inicio\/aviso-de-confidencialidad\/#breadcrumb","itemListElement":[{"@type":"ListItem","position":1,"name":"Portada","item":"https:\/\/www.unicuc.mx\/inicio\/"},{"@type":"ListItem","position":2,"name":"Aviso de confidencialidad"}]},{"@type":"WebSite","@id":"https:\/\/www.unicuc.mx\/inicio\/#website","url":"https:\/\/www.unicuc.mx\/inicio\/","name":"unicuc.mx","description":"Universidad Celsus","publisher":{"@id":"https:\/\/www.unicuc.mx\/inicio\/#organization"},"alternateName":"Celsus","potentialAction":[{"@type":"SearchAction","target":{"@type":"EntryPoint","urlTemplate":"https:\/\/www.unicuc.mx\/inicio\/?s={search_term_string}"},"query-input":{"@type":"PropertyValueSpecification","valueRequired":true,"valueName":"search_term_string"}}],"inLanguage":"es"},{"@type":"Organization","@id":"https:\/\/www.unicuc.mx\/inicio\/#organization","name":"Instituto Celsus, S.C.","alternateName":"Universidad Celsus","url":"https:\/\/www.unicuc.mx\/inicio\/","logo":{"@type":"ImageObject","inLanguage":"es","@id":"https:\/\/www.unicuc.mx\/inicio\/#\/schema\/logo\/image\/","url":"https:\/\/www.unicuc.mx\/inicio\/wp-content\/uploads\/2019\/01\/logo-avatar.png","contentUrl":"https:\/\/www.unicuc.mx\/inicio\/wp-content\/uploads\/2019\/01\/logo-avatar.png","width":80,"height":80,"caption":"Instituto Celsus, S.C."},"image":{"@id":"https:\/\/www.unicuc.mx\/inicio\/#\/schema\/logo\/image\/"},"sameAs":["https:\/\/www.facebook.com\/unicelsus","https:\/\/mastodon.social\/start","https:\/\/www.instagram.com\/unicelsus\/","https:\/\/www.linkedin.com\/in\/centro-universitario-celsus-4a37181b0\/"],"email":"admiciones@unicuc.mx","telephone":"(461) 215 45 44","legalName":"Instituto Celsus","foundingDate":"2011-05-01","numberOfEmployees":{"@type":"QuantitativeValue","minValue":"11","maxValue":"50"},"publishingPrinciples":"https:\/\/www.unicuc.mx\/inicio\/home-5\/","actionableFeedbackPolicy":"https:\/\/www.unicuc.mx\/inicio\/reglamento\/"}]}},"_links":{"self":[{"href":"https:\/\/www.unicuc.mx\/inicio\/wp-json\/wp\/v2\/pages\/3428","targetHints":{"allow":["GET"]}}],"collection":[{"href":"https:\/\/www.unicuc.mx\/inicio\/wp-json\/wp\/v2\/pages"}],"about":[{"href":"https:\/\/www.unicuc.mx\/inicio\/wp-json\/wp\/v2\/types\/page"}],"author":[{"embeddable":true,"href":"https:\/\/www.unicuc.mx\/inicio\/wp-json\/wp\/v2\/users\/2"}],"replies":[{"embeddable":true,"href":"https:\/\/www.unicuc.mx\/inicio\/wp-json\/wp\/v2\/comments?post=3428"}],"version-history":[{"count":1,"href":"https:\/\/www.unicuc.mx\/inicio\/wp-json\/wp\/v2\/pages\/3428\/revisions"}],"predecessor-version":[{"id":3429,"href":"https:\/\/www.unicuc.mx\/inicio\/wp-json\/wp\/v2\/pages\/3428\/revisions\/3429"}],"wp:attachment":[{"href":"https:\/\/www.unicuc.mx\/inicio\/wp-json\/wp\/v2\/media?parent=3428"}],"curies":[{"name":"wp","href":"https:\/\/api.w.org\/{rel}","templated":true}]}}