{"id":700,"date":"2018-08-08T09:57:36","date_gmt":"2018-08-08T09:57:36","guid":{"rendered":"http:\/\/www.vasitiosweb.com\/celsus\/?page_id=700"},"modified":"2019-03-11T16:09:33","modified_gmt":"2019-03-11T16:09:33","slug":"mision-y-vision","status":"publish","type":"page","link":"https:\/\/www.unicuc.mx\/inicio\/mision-y-vision\/","title":{"rendered":"Misi\u00f3n y Visi\u00f3n"},"content":{"rendered":"<p>[vc_row full_width=\u00bbstretch_row\u00bb css=\u00bb.vc_custom_1548389817328{padding-top: 50px !important;padding-bottom: 50px !important;}\u00bb][vc_column width=\u00bb1\/4&#8243;][\/vc_column][vc_column width=\u00bb1\/2&#8243;][vc_custom_heading text=\u00bbMisi\u00f3n, Visi\u00f3n y Valores\u00bb font_container=\u00bbtag:h2|font_size:2.875rem|text_align:center\u00bb use_theme_fonts=\u00bbyes\u00bb][vc_empty_space height=\u00bb10px\u00bb][vc_custom_heading text=\u00bbFormamos personas a trav\u00e9s de educaci\u00f3n superior y posgrado para que sean capaces de transformar su contexto personal y profesional\u00bb font_container=\u00bbtag:div|text_align:center\u00bb use_theme_fonts=\u00bbyes\u00bb][\/vc_column][vc_column width=\u00bb1\/4&#8243;][\/vc_column][\/vc_row][vc_row full_width=\u00bbstretch_row\u00bb equal_height=\u00bbyes\u00bb content_placement=\u00bbmiddle\u00bb css_animation=\u00bbbounceInDown\u00bb css=\u00bb.vc_custom_1548412606781{background-image: url(https:\/\/www.unicuc.mx\/inicio\/wp-content\/uploads\/2019\/01\/celsus-collage.jpg?id=2260) !important;background-position: center !important;background-repeat: no-repeat !important;background-size: contain !important;}\u00bb][vc_column width=\u00bb1\/2&#8243; css=\u00bb.vc_custom_1551986394407{padding-top: 20px !important;padding-right: 14% !important;padding-bottom: 10% !important;padding-left: 14% !important;background-color: #f1f2f3 !important;}\u00bb][vc_single_image image=\u00bb2627&#8243; img_size=\u00bbfull\u00bb alignment=\u00bbcenter\u00bb css=\u00bb.vc_custom_1548693326224{padding-bottom: 20px !important;}\u00bb][vc_custom_heading text=\u00bbMisi\u00f3n\u00bb font_container=\u00bbtag:h3|text_align:center\u00bb use_theme_fonts=\u00bbyes\u00bb][vc_empty_space height=\u00bb30px\u00bb]<ul class=\"iconlist iconlist iconlist-icon-mini \"><li><div ><div class=\"iconlist-item-icon\"><img decoding=\"async\" src=\"https:\/\/www.unicuc.mx\/inicio\/wp-content\/uploads\/2019\/01\/check.png\" alt=\"check\" \/><\/div><div class=\"iconlist-item-content\"><span style=\"color: #0e2b5c\">Formar a las personas a trav\u00e9s de educaci\u00f3n superior y posgrado para que sean capaces de transformar su contexto personal y profesional, en el cual convergen el aprendizaje de la teor\u00eda y la pr\u00e1ctica; influir con actitudes de humanismo, holismo, emprendimiento y liderazgo; dar atenci\u00f3n a las necesidades empresariales, tecnol\u00f3gicas y c\u00edvicas de la sociedad mexicana.<br \/><\/span><\/div><\/div><\/li><li><div ><div class=\"iconlist-item-icon\"><img decoding=\"async\" src=\"https:\/\/www.unicuc.mx\/inicio\/wp-content\/uploads\/2019\/01\/check.png\" alt=\"check\" \/><\/div><div class=\"iconlist-item-content\"><span style=\"color: #0e2b5c\">En beneficio de su proyecto personal de vida y de una inserci\u00f3n participativa y responsable en la sociedad. Con un particular \u00e9nfasis por conocer la empresa, como esa c\u00e9lula socio- econ\u00f3mica y cultural, fuente de ingresos y desarrollo de la persona, y que salgan preparados para trabajar en ella o para ser empresarios. Adem\u00e1s de un profundo inter\u00e9s en su desarrollo de la conciencia que les permita disfrutar la vida, que se conozcan a s\u00ed mismos y que de este conocimiento desarrollen sus talentos y habilidades.<\/span><\/div><\/div><\/li><\/ul>[\/vc_column][vc_column width=\u00bb1\/2&#8243; css=\u00bb.vc_custom_1548693452606{padding-top: 20px !important;padding-right: 14% !important;padding-bottom: 10% !important;padding-left: 14% !important;background-color: #231835 !important;}\u00bb][vc_single_image image=\u00bb2632&#8243; img_size=\u00bbfull\u00bb alignment=\u00bbcenter\u00bb css=\u00bb.vc_custom_1548693519357{padding-bottom: 20px !important;}\u00bb][vc_custom_heading text=\u00bbVisi\u00f3n\u00bb font_container=\u00bbtag:h3|text_align:center|color:%23ffffff\u00bb use_theme_fonts=\u00bbyes\u00bb][vc_empty_space height=\u00bb30px\u00bb]<ul class=\"iconlist iconlist iconlist-icon-mini \"><li><div ><div class=\"iconlist-item-icon\"><img decoding=\"async\" src=\"https:\/\/www.unicuc.mx\/inicio\/wp-content\/uploads\/2019\/01\/check.png\" alt=\"check\" \/><\/div><div class=\"iconlist-item-content\"><span style=\"color: #9b9aad\">Consolidar una instituci\u00f3n educativa de prestigio en la zona del Baj\u00edo, en la formaci\u00f3n de personas profesionales, para lograr un impacto \u00e9tico-laboral, con los egresados, l\u00edderes honestos y comprometidos consigo mismo y con su sociedad, muy orgullosos de ser mexicanos; comprometi\u00e9ndonos con el desarrollo humano de cada uno de los integrantes de nuestra comunidad educativa; la responsabilidad de ser una instituci\u00f3n educativa de excelencia formativa, de vanguardia y de evoluci\u00f3n constante, para favorecer la transformaci\u00f3n positiva de la sociedad mexicana.<br \/><\/span><\/div><\/div><\/li><li><div ><div class=\"iconlist-item-icon\"><img decoding=\"async\" src=\"https:\/\/www.unicuc.mx\/inicio\/wp-content\/uploads\/2019\/01\/check.png\" alt=\"check\" \/><\/div><div class=\"iconlist-item-content\"><span style=\"color: #9b9aad\">As\u00ed como replicar este modelo educativo y estar presentes en al menos cinco de las principales ciudades del centro del pa\u00eds en el lapso de siete a\u00f1os.<\/span><\/div><\/div><\/li><\/ul>[\/vc_column][\/vc_row][vc_row css_animation=\u00bbfadeInUp\u00bb css=\u00bb.vc_custom_1551971755510{padding-top: 60px !important;background-color: #d2ae6d !important;}\u00bb][vc_column width=\u00bb1\/6&#8243;][\/vc_column][vc_column width=\u00bb2\/3&#8243; css=\u00bb.vc_custom_1551986186291{padding-bottom: 40px !important;}\u00bb][vc_single_image image=\u00bb3214&#8243; img_size=\u00bbfull\u00bb alignment=\u00bbcenter\u00bb css=\u00bb.vc_custom_1552069205538{padding-bottom: 10px !important;}\u00bb][vc_custom_heading text=\u00bbValores\u00bb font_container=\u00bbtag:h3|text_align:center|color:%23ffffff\u00bb use_theme_fonts=\u00bbyes\u00bb][vc_empty_space height=\u00bb30px\u00bb]<ul class=\"iconlist iconlist iconlist-icon-mini \"><li><div ><div class=\"iconlist-item-icon\"><\/div><div class=\"iconlist-item-content\"><h4 style=\"text-align: center\"><span style=\"color: #ffffff\">Libertad y Responsabilidad.<\/span><\/h4><p><\/div><\/div><\/li><li><div ><div class=\"iconlist-item-icon\"><\/div><div class=\"iconlist-item-content\"><h4 style=\"text-align: center\"><span style=\"color: #ffffff\">Solidaridad y Compromiso.<\/span><\/h4><p><\/div><\/div><\/li><li><div ><div class=\"iconlist-item-icon\"><\/div><div class=\"iconlist-item-content\"><h4 style=\"text-align: center\"><span style=\"color: #ffffff\">Disciplina y Resilencia.<\/span><\/h4><p><\/div><\/div><\/li><li><div ><div class=\"iconlist-item-icon\"><\/div><div class=\"iconlist-item-content\"><h4 style=\"text-align: center\"><span style=\"color: #ffffff\">Respeto, Honestidad y Justicia.<\/span><\/h4><p><\/div><\/div><\/li><\/ul>[\/vc_column][vc_column width=\u00bb1\/6&#8243;][\/vc_column][\/vc_row]<\/p>\n","protected":false},"excerpt":{"rendered":"<p>[vc_row full_width=\u00bbstretch_row\u00bb css=\u00bb.vc_custom_1548389817328{padding-top: 50px !important;padding-bottom: 50px !important;}\u00bb][vc_column width=\u00bb1\/4&#8243;][\/vc_column][vc_column width=\u00bb1\/2&#8243;][vc_custom_heading text=\u00bbMisi\u00f3n, Visi\u00f3n y Valores\u00bb font_container=\u00bbtag:h2|font_size:2.875rem|text_align:center\u00bb use_theme_fonts=\u00bbyes\u00bb][vc_empty_space height=\u00bb10px\u00bb][vc_custom_heading text=\u00bbFormamos personas a trav\u00e9s de educaci\u00f3n superior y posgrado para que sean capaces de transformar su contexto personal y profesional\u00bb font_container=\u00bbtag:div|text_align:center\u00bb use_theme_fonts=\u00bbyes\u00bb][\/vc_column][vc_column width=\u00bb1\/4&#8243;][\/vc_column][\/vc_row][vc_row full_width=\u00bbstretch_row\u00bb equal_height=\u00bbyes\u00bb content_placement=\u00bbmiddle\u00bb css_animation=\u00bbbounceInDown\u00bb css=\u00bb.vc_custom_1548412606781{background-image: url(https:\/\/www.unicuc.mx\/inicio\/wp-content\/uploads\/2019\/01\/celsus-collage.jpg?id=2260) !important;background-position: center !important;background-repeat: no-repeat !important;background-size: contain !important;}\u00bb][vc_column width=\u00bb1\/2&#8243; css=\u00bb.vc_custom_1551986394407{padding-top: 20px [&hellip;]<\/p>\n","protected":false},"author":2,"featured_media":0,"parent":0,"menu_order":0,"comment_status":"closed","ping_status":"closed","template":"","meta":{"_exactmetrics_skip_tracking":false,"_exactmetrics_sitenote_active":false,"_exactmetrics_sitenote_note":"","_exactmetrics_sitenote_category":0,"_uf_show_specific_survey":0,"_uf_disable_surveys":false,"footnotes":""},"class_list":["post-700","page","type-page","status-publish","hentry"],"yoast_head":"<!-- This site is optimized with the Yoast SEO Premium plugin v26.8 (Yoast SEO v26.8) - https:\/\/yoast.com\/product\/yoast-seo-premium-wordpress\/ -->\n<title>Misi\u00f3n y Visi\u00f3n - CELSUS<\/title>\n<meta name=\"robots\" content=\"index, follow, max-snippet:-1, max-image-preview:large, max-video-preview:-1\" \/>\n<link rel=\"canonical\" href=\"https:\/\/www.unicuc.mx\/inicio\/mision-y-vision\/\" \/>\n<meta property=\"og:locale\" content=\"es_ES\" \/>\n<meta property=\"og:type\" content=\"article\" \/>\n<meta property=\"og:title\" content=\"Misi\u00f3n y Visi\u00f3n\" \/>\n<meta property=\"og:description\" content=\"[vc_row full_width=\u00bbstretch_row\u00bb css=\u00bb.vc_custom_1548389817328{padding-top: 50px !important;padding-bottom: 50px !important;}\u00bb][vc_column width=\u00bb1\/4&#8243;][\/vc_column][vc_column width=\u00bb1\/2&#8243;][vc_custom_heading text=\u00bbMisi\u00f3n, Visi\u00f3n y Valores\u00bb font_container=\u00bbtag:h2|font_size:2.875rem|text_align:center\u00bb use_theme_fonts=\u00bbyes\u00bb][vc_empty_space height=\u00bb10px\u00bb][vc_custom_heading text=\u00bbFormamos personas a trav\u00e9s de educaci\u00f3n superior y posgrado para que sean capaces de transformar su contexto personal y profesional\u00bb font_container=\u00bbtag:div|text_align:center\u00bb use_theme_fonts=\u00bbyes\u00bb][\/vc_column][vc_column width=\u00bb1\/4&#8243;][\/vc_column][\/vc_row][vc_row full_width=\u00bbstretch_row\u00bb equal_height=\u00bbyes\u00bb content_placement=\u00bbmiddle\u00bb css_animation=\u00bbbounceInDown\u00bb css=\u00bb.vc_custom_1548412606781{background-image: url(https:\/\/www.unicuc.mx\/inicio\/wp-content\/uploads\/2019\/01\/celsus-collage.jpg?id=2260) !important;background-position: center !important;background-repeat: no-repeat !important;background-size: contain !important;}\u00bb][vc_column width=\u00bb1\/2&#8243; css=\u00bb.vc_custom_1551986394407{padding-top: 20px [&hellip;]\" \/>\n<meta property=\"og:url\" content=\"https:\/\/www.unicuc.mx\/inicio\/mision-y-vision\/\" \/>\n<meta property=\"og:site_name\" content=\"CELSUS\" \/>\n<meta property=\"article:publisher\" content=\"https:\/\/www.facebook.com\/unicelsus\" \/>\n<meta property=\"article:modified_time\" content=\"2019-03-11T16:09:33+00:00\" \/>\n<meta property=\"og:image\" content=\"https:\/\/www.unicuc.mx\/inicio\/wp-content\/uploads\/2019\/01\/logo-avatar.png\" \/>\n\t<meta property=\"og:image:width\" content=\"80\" \/>\n\t<meta property=\"og:image:height\" content=\"80\" \/>\n\t<meta property=\"og:image:type\" content=\"image\/png\" \/>\n<meta name=\"twitter:card\" content=\"summary_large_image\" \/>\n<meta name=\"twitter:label1\" content=\"Tiempo de lectura\" \/>\n\t<meta name=\"twitter:data1\" content=\"3 minutos\" \/>\n<script type=\"application\/ld+json\" class=\"yoast-schema-graph\">{\"@context\":\"https:\/\/schema.org\",\"@graph\":[{\"@type\":\"WebPage\",\"@id\":\"https:\/\/www.unicuc.mx\/inicio\/mision-y-vision\/\",\"url\":\"https:\/\/www.unicuc.mx\/inicio\/mision-y-vision\/\",\"name\":\"Misi\u00f3n y Visi\u00f3n - CELSUS\",\"isPartOf\":{\"@id\":\"https:\/\/www.unicuc.mx\/inicio\/#website\"},\"datePublished\":\"2018-08-08T09:57:36+00:00\",\"dateModified\":\"2019-03-11T16:09:33+00:00\",\"breadcrumb\":{\"@id\":\"https:\/\/www.unicuc.mx\/inicio\/mision-y-vision\/#breadcrumb\"},\"inLanguage\":\"es\",\"potentialAction\":[{\"@type\":\"ReadAction\",\"target\":[\"https:\/\/www.unicuc.mx\/inicio\/mision-y-vision\/\"]}]},{\"@type\":\"BreadcrumbList\",\"@id\":\"https:\/\/www.unicuc.mx\/inicio\/mision-y-vision\/#breadcrumb\",\"itemListElement\":[{\"@type\":\"ListItem\",\"position\":1,\"name\":\"Portada\",\"item\":\"https:\/\/www.unicuc.mx\/inicio\/\"},{\"@type\":\"ListItem\",\"position\":2,\"name\":\"Misi\u00f3n y Visi\u00f3n\"}]},{\"@type\":\"WebSite\",\"@id\":\"https:\/\/www.unicuc.mx\/inicio\/#website\",\"url\":\"https:\/\/www.unicuc.mx\/inicio\/\",\"name\":\"unicuc.mx\",\"description\":\"Universidad Celsus\",\"publisher\":{\"@id\":\"https:\/\/www.unicuc.mx\/inicio\/#organization\"},\"alternateName\":\"Celsus\",\"potentialAction\":[{\"@type\":\"SearchAction\",\"target\":{\"@type\":\"EntryPoint\",\"urlTemplate\":\"https:\/\/www.unicuc.mx\/inicio\/?s={search_term_string}\"},\"query-input\":{\"@type\":\"PropertyValueSpecification\",\"valueRequired\":true,\"valueName\":\"search_term_string\"}}],\"inLanguage\":\"es\"},{\"@type\":\"Organization\",\"@id\":\"https:\/\/www.unicuc.mx\/inicio\/#organization\",\"name\":\"Instituto Celsus, S.C.\",\"alternateName\":\"Universidad Celsus\",\"url\":\"https:\/\/www.unicuc.mx\/inicio\/\",\"logo\":{\"@type\":\"ImageObject\",\"inLanguage\":\"es\",\"@id\":\"https:\/\/www.unicuc.mx\/inicio\/#\/schema\/logo\/image\/\",\"url\":\"https:\/\/www.unicuc.mx\/inicio\/wp-content\/uploads\/2019\/01\/logo-avatar.png\",\"contentUrl\":\"https:\/\/www.unicuc.mx\/inicio\/wp-content\/uploads\/2019\/01\/logo-avatar.png\",\"width\":80,\"height\":80,\"caption\":\"Instituto Celsus, S.C.\"},\"image\":{\"@id\":\"https:\/\/www.unicuc.mx\/inicio\/#\/schema\/logo\/image\/\"},\"sameAs\":[\"https:\/\/www.facebook.com\/unicelsus\",\"https:\/\/mastodon.social\/start\",\"https:\/\/www.instagram.com\/unicelsus\/\",\"https:\/\/www.linkedin.com\/in\/centro-universitario-celsus-4a37181b0\/\"],\"email\":\"admiciones@unicuc.mx\",\"telephone\":\"(461) 215 45 44\",\"legalName\":\"Instituto Celsus\",\"foundingDate\":\"2011-05-01\",\"numberOfEmployees\":{\"@type\":\"QuantitativeValue\",\"minValue\":\"11\",\"maxValue\":\"50\"},\"publishingPrinciples\":\"https:\/\/www.unicuc.mx\/inicio\/home-5\/\",\"actionableFeedbackPolicy\":\"https:\/\/www.unicuc.mx\/inicio\/reglamento\/\"}]}<\/script>\n<!-- \/ Yoast SEO Premium plugin. -->","yoast_head_json":{"title":"Misi\u00f3n y Visi\u00f3n - CELSUS","robots":{"index":"index","follow":"follow","max-snippet":"max-snippet:-1","max-image-preview":"max-image-preview:large","max-video-preview":"max-video-preview:-1"},"canonical":"https:\/\/www.unicuc.mx\/inicio\/mision-y-vision\/","og_locale":"es_ES","og_type":"article","og_title":"Misi\u00f3n y Visi\u00f3n","og_description":"[vc_row full_width=\u00bbstretch_row\u00bb css=\u00bb.vc_custom_1548389817328{padding-top: 50px !important;padding-bottom: 50px !important;}\u00bb][vc_column width=\u00bb1\/4&#8243;][\/vc_column][vc_column width=\u00bb1\/2&#8243;][vc_custom_heading text=\u00bbMisi\u00f3n, Visi\u00f3n y Valores\u00bb font_container=\u00bbtag:h2|font_size:2.875rem|text_align:center\u00bb use_theme_fonts=\u00bbyes\u00bb][vc_empty_space height=\u00bb10px\u00bb][vc_custom_heading text=\u00bbFormamos personas a trav\u00e9s de educaci\u00f3n superior y posgrado para que sean capaces de transformar su contexto personal y profesional\u00bb font_container=\u00bbtag:div|text_align:center\u00bb use_theme_fonts=\u00bbyes\u00bb][\/vc_column][vc_column width=\u00bb1\/4&#8243;][\/vc_column][\/vc_row][vc_row full_width=\u00bbstretch_row\u00bb equal_height=\u00bbyes\u00bb content_placement=\u00bbmiddle\u00bb css_animation=\u00bbbounceInDown\u00bb css=\u00bb.vc_custom_1548412606781{background-image: url(https:\/\/www.unicuc.mx\/inicio\/wp-content\/uploads\/2019\/01\/celsus-collage.jpg?id=2260) !important;background-position: center !important;background-repeat: no-repeat !important;background-size: contain !important;}\u00bb][vc_column width=\u00bb1\/2&#8243; css=\u00bb.vc_custom_1551986394407{padding-top: 20px [&hellip;]","og_url":"https:\/\/www.unicuc.mx\/inicio\/mision-y-vision\/","og_site_name":"CELSUS","article_publisher":"https:\/\/www.facebook.com\/unicelsus","article_modified_time":"2019-03-11T16:09:33+00:00","og_image":[{"width":80,"height":80,"url":"https:\/\/www.unicuc.mx\/inicio\/wp-content\/uploads\/2019\/01\/logo-avatar.png","type":"image\/png"}],"twitter_card":"summary_large_image","twitter_misc":{"Tiempo de lectura":"3 minutos"},"schema":{"@context":"https:\/\/schema.org","@graph":[{"@type":"WebPage","@id":"https:\/\/www.unicuc.mx\/inicio\/mision-y-vision\/","url":"https:\/\/www.unicuc.mx\/inicio\/mision-y-vision\/","name":"Misi\u00f3n y Visi\u00f3n - CELSUS","isPartOf":{"@id":"https:\/\/www.unicuc.mx\/inicio\/#website"},"datePublished":"2018-08-08T09:57:36+00:00","dateModified":"2019-03-11T16:09:33+00:00","breadcrumb":{"@id":"https:\/\/www.unicuc.mx\/inicio\/mision-y-vision\/#breadcrumb"},"inLanguage":"es","potentialAction":[{"@type":"ReadAction","target":["https:\/\/www.unicuc.mx\/inicio\/mision-y-vision\/"]}]},{"@type":"BreadcrumbList","@id":"https:\/\/www.unicuc.mx\/inicio\/mision-y-vision\/#breadcrumb","itemListElement":[{"@type":"ListItem","position":1,"name":"Portada","item":"https:\/\/www.unicuc.mx\/inicio\/"},{"@type":"ListItem","position":2,"name":"Misi\u00f3n y Visi\u00f3n"}]},{"@type":"WebSite","@id":"https:\/\/www.unicuc.mx\/inicio\/#website","url":"https:\/\/www.unicuc.mx\/inicio\/","name":"unicuc.mx","description":"Universidad Celsus","publisher":{"@id":"https:\/\/www.unicuc.mx\/inicio\/#organization"},"alternateName":"Celsus","potentialAction":[{"@type":"SearchAction","target":{"@type":"EntryPoint","urlTemplate":"https:\/\/www.unicuc.mx\/inicio\/?s={search_term_string}"},"query-input":{"@type":"PropertyValueSpecification","valueRequired":true,"valueName":"search_term_string"}}],"inLanguage":"es"},{"@type":"Organization","@id":"https:\/\/www.unicuc.mx\/inicio\/#organization","name":"Instituto Celsus, S.C.","alternateName":"Universidad Celsus","url":"https:\/\/www.unicuc.mx\/inicio\/","logo":{"@type":"ImageObject","inLanguage":"es","@id":"https:\/\/www.unicuc.mx\/inicio\/#\/schema\/logo\/image\/","url":"https:\/\/www.unicuc.mx\/inicio\/wp-content\/uploads\/2019\/01\/logo-avatar.png","contentUrl":"https:\/\/www.unicuc.mx\/inicio\/wp-content\/uploads\/2019\/01\/logo-avatar.png","width":80,"height":80,"caption":"Instituto Celsus, S.C."},"image":{"@id":"https:\/\/www.unicuc.mx\/inicio\/#\/schema\/logo\/image\/"},"sameAs":["https:\/\/www.facebook.com\/unicelsus","https:\/\/mastodon.social\/start","https:\/\/www.instagram.com\/unicelsus\/","https:\/\/www.linkedin.com\/in\/centro-universitario-celsus-4a37181b0\/"],"email":"admiciones@unicuc.mx","telephone":"(461) 215 45 44","legalName":"Instituto Celsus","foundingDate":"2011-05-01","numberOfEmployees":{"@type":"QuantitativeValue","minValue":"11","maxValue":"50"},"publishingPrinciples":"https:\/\/www.unicuc.mx\/inicio\/home-5\/","actionableFeedbackPolicy":"https:\/\/www.unicuc.mx\/inicio\/reglamento\/"}]}},"_links":{"self":[{"href":"https:\/\/www.unicuc.mx\/inicio\/wp-json\/wp\/v2\/pages\/700","targetHints":{"allow":["GET"]}}],"collection":[{"href":"https:\/\/www.unicuc.mx\/inicio\/wp-json\/wp\/v2\/pages"}],"about":[{"href":"https:\/\/www.unicuc.mx\/inicio\/wp-json\/wp\/v2\/types\/page"}],"author":[{"embeddable":true,"href":"https:\/\/www.unicuc.mx\/inicio\/wp-json\/wp\/v2\/users\/2"}],"replies":[{"embeddable":true,"href":"https:\/\/www.unicuc.mx\/inicio\/wp-json\/wp\/v2\/comments?post=700"}],"version-history":[{"count":92,"href":"https:\/\/www.unicuc.mx\/inicio\/wp-json\/wp\/v2\/pages\/700\/revisions"}],"predecessor-version":[{"id":3224,"href":"https:\/\/www.unicuc.mx\/inicio\/wp-json\/wp\/v2\/pages\/700\/revisions\/3224"}],"wp:attachment":[{"href":"https:\/\/www.unicuc.mx\/inicio\/wp-json\/wp\/v2\/media?parent=700"}],"curies":[{"name":"wp","href":"https:\/\/api.w.org\/{rel}","templated":true}]}}